{"id":1225,"date":"2025-02-14T03:40:23","date_gmt":"2025-02-14T03:40:23","guid":{"rendered":"https:\/\/machinery.servo.systems\/?page_id=1225"},"modified":"2025-02-14T04:30:55","modified_gmt":"2025-02-14T04:30:55","slug":"no-tenemos-f1pero-tenemos-pura-potencia","status":"publish","type":"page","link":"https:\/\/machinery.servo.systems\/index.php\/no-tenemos-f1pero-tenemos-pura-potencia\/","title":{"rendered":"\u00a1NO TENEMOS F1,PERO TENEMOS PURA POTENCIA!"},"content":{"rendered":"\n<div class=\"wp-block-group alignfull has-global-padding is-layout-constrained wp-block-group-is-layout-constrained\" style=\"margin-top:0;margin-bottom:0\">\n<div class=\"wp-block-columns alignfull is-layout-flex wp-container-core-columns-is-layout-9c22b1e3 wp-block-columns-is-layout-flex\">\n<div class=\"wp-block-column is-layout-flow wp-block-column-is-layout-flow\" style=\"flex-basis:55%\">\n<div style=\"aspect-ratio:1;min-height:unset;\" class=\"wp-block-cover is-light has-aspect-ratio\"><span aria-hidden=\"true\" class=\"wp-block-cover__background has-background-dim-0 has-background-dim\" style=\"background-color:#b1afaf\"><\/span><img fetchpriority=\"high\" decoding=\"async\" width=\"900\" height=\"900\" class=\"wp-block-cover__image-background wp-image-1227\" alt=\"\" src=\"https:\/\/machinery.servo.systems\/wp-content\/uploads\/2025\/02\/maquina-1.png\" data-object-fit=\"cover\" srcset=\"https:\/\/machinery.servo.systems\/wp-content\/uploads\/2025\/02\/maquina-1.png 900w, https:\/\/machinery.servo.systems\/wp-content\/uploads\/2025\/02\/maquina-1-300x300.png 300w, https:\/\/machinery.servo.systems\/wp-content\/uploads\/2025\/02\/maquina-1-150x150.png 150w, https:\/\/machinery.servo.systems\/wp-content\/uploads\/2025\/02\/maquina-1-768x768.png 768w\" sizes=\"(max-width: 900px) 100vw, 900px\" \/><div class=\"wp-block-cover__inner-container is-layout-flow wp-block-cover-is-layout-flow\">\n<div style=\"height:var(--wp--preset--spacing--20)\" aria-hidden=\"true\" class=\"wp-block-spacer\"><\/div>\n<\/div><\/div>\n<\/div>\n\n\n\n<div class=\"wp-block-column is-vertically-aligned-center is-layout-flow wp-block-column-is-layout-flow\" style=\"padding-top:var(--wp--preset--spacing--60);padding-right:var(--wp--preset--spacing--60);padding-bottom:var(--wp--preset--spacing--60);padding-left:var(--wp--preset--spacing--60)\">\n<h2 class=\"wp-block-heading has-xx-large-font-size\">VMC1000II<\/h2>\n\n\n\n<p class=\"has-small-font-size\">Esta potente fresadora CNC ofrece&nbsp;<strong>alta precisi\u00f3n y velocidad<\/strong>, con un \u00e1rea de trabajo de&nbsp;<strong>1000x600x600 mm<\/strong>&nbsp;y una estructura robusta capaz de soportar hasta&nbsp;<strong>800 kg<\/strong>. Su husillo de&nbsp;<strong>15 HP<\/strong>&nbsp;alcanza&nbsp;<strong>8,000 rpm<\/strong>, con transmisi\u00f3n por banda y lubricaci\u00f3n autom\u00e1tica.<\/p>\n\n\n\n<p class=\"has-small-font-size\">Equipada con un&nbsp;<strong>cambiador de herramientas de doble brazo<\/strong>&nbsp;para&nbsp;<strong>24 herramientas<\/strong>, garantiza cambios r\u00e1pidos en&nbsp;<strong>2.5 segundos<\/strong>. Sus gu\u00edas lineales permiten movimientos r\u00e1pidos de&nbsp;<strong>36 m\/min<\/strong>&nbsp;en los tres ejes y un avance de corte de&nbsp;<strong>15 m\/min<\/strong>.<\/p>\n\n\n\n<p class=\"has-small-font-size\">El control CNC&nbsp;<strong>Mitsubishi M80<\/strong>&nbsp;cuenta con una&nbsp;<strong>pantalla t\u00e1ctil de 15\u201d<\/strong>,&nbsp;<strong>memoria de 64 GB<\/strong>, y funciones avanzadas como&nbsp;<strong>mecanizado de alta velocidad<\/strong>, macros est\u00e1ndar, conectividad&nbsp;<strong>Ethernet\/USB\/SD<\/strong>, y programaci\u00f3n conversacional&nbsp;<strong>Navi Mil<\/strong>.<\/p>\n\n\n\n<p class=\"has-small-font-size\">Una m\u00e1quina de&nbsp;<strong>gran rendimiento y precisi\u00f3n<\/strong>, ideal para producci\u00f3n exigente.&nbsp;<\/p>\n\n\n\n<p class=\"has-medium-font-size\"><strong>\u00a1OFERTA ESPECIAL DEL 24 DE ENERO AL 13 DE FEBRERO 2025! <\/strong><\/p>\n<\/div>\n<\/div>\n<\/div>\n\n\n\n<div class=\"wp-block-group alignfull has-global-padding is-layout-constrained wp-container-core-group-is-layout-54af5b55 wp-block-group-is-layout-constrained\" style=\"margin-top:0;margin-bottom:0;padding-top:var(--wp--preset--spacing--60);padding-bottom:var(--wp--preset--spacing--60)\">\n<h2 class=\"wp-block-heading alignwide has-text-align-center has-x-large-font-size\">\u00a1Consigue tu m\u00e1quina CNC de alto rendimiento: precisi\u00f3n, velocidad y potencia en uno! <\/h2>\n\n\n\n<div class=\"wp-block-buttons alignwide has-custom-font-size has-medium-font-size is-content-justification-center is-layout-flex wp-container-core-buttons-is-layout-c124d1c4 wp-block-buttons-is-layout-flex\">\n<div class=\"wp-block-button\"><a class=\"wp-block-button__link wp-element-button\">Alta precisi\u00f3n<\/a><\/div>\n\n\n\n<div class=\"wp-block-button\"><a class=\"wp-block-button__link wp-element-button\">Cambiador de Herramientas<\/a><\/div>\n\n\n\n<div class=\"wp-block-button\"><a class=\"wp-block-button__link wp-element-button\">Doble Brazo para 24 herramientas<\/a><\/div>\n\n\n\n<div class=\"wp-block-button\"><a class=\"wp-block-button__link wp-element-button\">CNC Mitsubishi M80<\/a><\/div>\n\n\n\n<div class=\"wp-block-button\"><a class=\"wp-block-button__link wp-element-button\">Gran Rendimiento y precisi\u00f3n<\/a><\/div>\n<\/div>\n<\/div>\n\n\n\n<div class=\"wp-block-group alignfull has-global-padding is-layout-constrained wp-block-group-is-layout-constrained\" style=\"margin-top:0;margin-bottom:0;padding-top:var(--wp--preset--spacing--50);padding-bottom:var(--wp--preset--spacing--50)\">\n<div class=\"wp-block-columns alignwide is-layout-flex wp-container-core-columns-is-layout-fa584acd wp-block-columns-is-layout-flex\">\n<div class=\"wp-block-column is-vertically-aligned-center is-layout-flow wp-block-column-is-layout-flow\">\n<h2 class=\"wp-block-heading has-xx-large-font-size\"><strong>Haitian vs la Competencia<\/strong><\/h2>\n\n\n\n<p class=\"has-medium-font-size\">Nuestra m\u00e1quina CNC no solo ofrece&nbsp;<strong>mayor rendimiento y fiabilidad<\/strong>, sino que tambi\u00e9n&nbsp;<strong>incluye caracter\u00edsticas premium sin costos adicionales<\/strong>, a diferencia de la competencia.<\/p>\n<\/div>\n\n\n\n<div class=\"wp-block-column is-vertically-aligned-center is-layout-flow wp-block-column-is-layout-flow\">\n<figure class=\"wp-block-image size-full\"><img decoding=\"async\" width=\"900\" height=\"900\" src=\"http:\/\/machinery.servo.systems\/wp-content\/uploads\/2025\/02\/maquina-2-1.png\" alt=\"\" class=\"wp-image-1229\" style=\"aspect-ratio:1;object-fit:cover\" srcset=\"https:\/\/machinery.servo.systems\/wp-content\/uploads\/2025\/02\/maquina-2-1.png 900w, https:\/\/machinery.servo.systems\/wp-content\/uploads\/2025\/02\/maquina-2-1-300x300.png 300w, https:\/\/machinery.servo.systems\/wp-content\/uploads\/2025\/02\/maquina-2-1-150x150.png 150w, https:\/\/machinery.servo.systems\/wp-content\/uploads\/2025\/02\/maquina-2-1-768x768.png 768w\" sizes=\"(max-width: 900px) 100vw, 900px\" \/><\/figure>\n<\/div>\n<\/div>\n<\/div>\n\n\n\n<div class=\"wp-block-group alignfull is-style-default has-global-padding is-layout-constrained wp-block-group-is-layout-constrained\" style=\"margin-top:0;margin-bottom:0;padding-top:var(--wp--preset--spacing--60);padding-bottom:var(--wp--preset--spacing--60)\">\n<h2 class=\"wp-block-heading\">Caracter\u00edsticas que marcan la diferencia<\/h2>\n\n\n\n<div class=\"wp-block-columns alignwide is-layout-flex wp-container-core-columns-is-layout-6ef9061c wp-block-columns-is-layout-flex\">\n<div class=\"wp-block-column is-layout-flow wp-block-column-is-layout-flow\" style=\"flex-basis:60%\">\n<div class=\"wp-block-group is-vertical is-layout-flex wp-container-core-group-is-layout-913d5755 wp-block-group-is-layout-flex\" style=\"padding-bottom:var(--wp--preset--spacing--30)\">\n<aside class=\"wp-block-group alignfull is-style-section-3 has-base-color has-text-color has-background has-link-color wp-elements-c1d79c66c41dd44865788230caa57f69 has-global-padding is-layout-constrained wp-container-core-group-is-layout-f0f2a97b wp-block-group-is-layout-constrained is-style-section-3--1\" style=\"background-color:#201257;margin-top:0;margin-bottom:0;padding-top:var(--wp--preset--spacing--50);padding-right:var(--wp--preset--spacing--50);padding-bottom:var(--wp--preset--spacing--50);padding-left:var(--wp--preset--spacing--50)\">\n<div class=\"wp-block-group is-vertical is-content-justification-center is-layout-flex wp-container-core-group-is-layout-8778ca4a wp-block-group-is-layout-flex\" style=\"min-height:360px;margin-top:0;margin-bottom:0\">\n<figure class=\"wp-block-table\"><table class=\"has-fixed-layout\"><thead><tr><th>Caracter\u00edsticas<\/th><th><strong>Nuestra CNC <\/strong><\/th><\/tr><\/thead><tbody><tr><td><strong>Recorridos (mm)<\/strong><\/td><td>1000x600x600<\/td><\/tr><tr><td><strong>RPM&#8217;s<\/strong><\/td><td>8,000<\/td><\/tr><tr><td><strong>Peso de M\u00e1quina (kg)<\/strong><\/td><td>6,500<\/td><\/tr><tr><td><strong>Control CNC<\/strong><\/td><td>Mitsubishi M80A<\/td><\/tr><tr><td><strong>Memoria CNC<\/strong><\/td><td>32 GB&nbsp;<strong>incluido<\/strong><\/td><\/tr><tr><td><strong>Mecanizado de Alta Velocidad<\/strong><\/td><td><strong>Incluido<\/strong><\/td><\/tr><tr><td><strong>ATC Tipo Brazo<\/strong>&nbsp;(24 herramientas)<\/td><td><strong>Incluido<\/strong><\/td><\/tr><tr><td><strong>Transportador de Virutas<\/strong><\/td><td><strong>Incluido<\/strong><\/td><\/tr><tr><td><strong>Empaque<\/strong><\/td><td><strong>Incluido<\/strong><\/td><\/tr><tr><td><strong>Flete<\/strong><\/td><td><strong>Incluido<\/strong><\/td><\/tr><tr><td><strong>Garant\u00eda<\/strong><\/td><td>3 a\u00f1os&nbsp;<strong>incluidos<\/strong><\/td><\/tr><tr><td><strong>Financiamiento<\/strong><\/td><td>15% de enganche +&nbsp;<strong>24 MSI<\/strong><\/td><\/tr><\/tbody><\/table><\/figure>\n\n\n\n<p class=\"has-text-align-center is-style-text-subtitle has-medium-font-size is-style-text-subtitle--2\">Nuestra m\u00e1quina CNC no solo ofrece\u00a0<strong>mayor rendimiento y fiabilidad<\/strong>, sino que tambi\u00e9n\u00a0<strong>incluye caracter\u00edsticas <em>premium<\/em> sin costos adicionales<\/strong>, a diferencia de la competencia.<\/p>\n\n\n\n<div style=\"height:0px\" aria-hidden=\"true\" class=\"wp-block-spacer wp-container-content-62aae154\"><\/div>\n<\/div>\n<\/aside>\n<\/div>\n<\/div>\n\n\n\n<div class=\"wp-block-column is-layout-flow wp-block-column-is-layout-flow\" style=\"flex-basis:50%\">\n<aside class=\"wp-block-group alignfull is-style-section-3 has-contrast-color has-accent-5-background-color has-text-color has-background has-link-color wp-elements-abb4c12c28f3f6b638b2d07a1d0fb781 has-global-padding is-layout-constrained wp-container-core-group-is-layout-f0f2a97b wp-block-group-is-layout-constrained is-style-section-3--3\" style=\"margin-top:0;margin-bottom:0;padding-top:var(--wp--preset--spacing--50);padding-right:var(--wp--preset--spacing--50);padding-bottom:var(--wp--preset--spacing--50);padding-left:var(--wp--preset--spacing--50)\">\n<div class=\"wp-block-group is-vertical is-content-justification-center is-layout-flex wp-container-core-group-is-layout-8778ca4a wp-block-group-is-layout-flex\" style=\"min-height:360px;margin-top:0;margin-bottom:0\">\n<figure class=\"wp-block-table\"><table class=\"has-fixed-layout\"><thead><tr><th>Caracter\u00edsticas<\/th><th>La competencia<\/th><\/tr><\/thead><tbody><tr><td><strong>Recorridos (mm)<\/strong><\/td><td>1016x508x635<\/td><\/tr><tr><td><strong>RPM&#8217;s<\/strong><\/td><td>8,100<\/td><\/tr><tr><td><strong>Peso de M\u00e1quina (kg)<\/strong><\/td><td>6,100<\/td><\/tr><tr><td><strong>Control CNC<\/strong><\/td><td>Propio<\/td><\/tr><tr><td><strong>Memoria CNC<\/strong><\/td><td>32 GB&nbsp;<strong>+ $1,695 USD<\/strong><\/td><\/tr><tr><td><strong>Mecanizado de Alta Velocidad<\/strong><\/td><td><strong>+ $3,795 USD<\/strong><\/td><\/tr><tr><td><strong>ATC Tipo Brazo<\/strong>&nbsp;(24 herramientas)<\/td><td><strong>+ $9,695 USD<\/strong><\/td><\/tr><tr><td><strong>Transportador de Virutas<\/strong><\/td><td><strong>+ $13,795 USD<\/strong><\/td><\/tr><tr><td><strong>Empaque<\/strong><\/td><td><strong>+ $1,195 USD<\/strong><\/td><\/tr><tr><td><strong>Flete<\/strong><\/td><td><strong>+ $3,000 USD<\/strong><\/td><\/tr><tr><td><strong>Garant\u00eda<\/strong><\/td><td>2 a\u00f1os&nbsp;<strong>+ $8,695 USD<\/strong><\/td><\/tr><tr><td><strong>Financiamiento<\/strong><\/td><td>15% de enganche +&nbsp;<strong>36 MSI<\/strong><\/td><\/tr><\/tbody><\/table><\/figure>\n\n\n\n<p class=\"has-text-align-center is-style-text-subtitle has-medium-font-size is-style-text-subtitle--4\">Para alcanzar el mismo nivel de rendimiento y equipamiento, la competencia obliga a gastar\u00a0<strong>$41,175 USD adicionales<\/strong>, lo que encarece considerablemente la inversi\u00f3n<\/p>\n\n\n\n<div style=\"height:0px\" aria-hidden=\"true\" class=\"wp-block-spacer wp-container-content-62aae154\"><\/div>\n<\/div>\n<\/aside>\n<\/div>\n<\/div>\n<\/div>\n\n\n\n<div class=\"wp-block-group alignfull has-global-padding is-layout-constrained wp-block-group-is-layout-constrained\" style=\"margin-top:0;margin-bottom:0\">\n<div class=\"wp-block-group alignwide is-layout-flow wp-container-core-group-is-layout-d58a0413 wp-block-group-is-layout-flow\" style=\"padding-top:var(--wp--preset--spacing--50);padding-bottom:var(--wp--preset--spacing--50)\">\n<h2 class=\"wp-block-heading has-x-large-font-size\">Preguntas Frecuentes<\/h2>\n\n\n\n<div class=\"wp-block-columns is-layout-flex wp-container-core-columns-is-layout-cbe57604 wp-block-columns-is-layout-flex\">\n<div class=\"wp-block-column is-layout-flow wp-block-column-is-layout-flow\">\n<div class=\"wp-block-group is-layout-flow wp-block-group-is-layout-flow\" style=\"border-top-color:var(--wp--preset--color--accent-6);border-top-width:1px;padding-top:var(--wp--preset--spacing--30);padding-bottom:var(--wp--preset--spacing--30)\">\n<h3 class=\"wp-block-heading\"><strong>\u00bfCu\u00e1l es la diferencia entre su m\u00e1quina CNC y la competencia?<\/strong><\/h3>\n\n\n\n<p>Nuestra m\u00e1quina CNC ofrece un\u00a0<strong>mayor valor<\/strong>\u00a0con\u00a0<strong>m\u00e1s caracter\u00edsticas incluidas<\/strong>\u00a0a un\u00a0<strong>costo menor<\/strong>. Viene con un\u00a0<strong>control CNC Mitsubishi M80A<\/strong>,\u00a0<strong>mecanizado de alta velocidad<\/strong>, y un\u00a0<strong>cambiador de herramientas tipo brazo de 24 posiciones<\/strong>, todo incluido en el precio base. La competencia, por otro lado, requiere costos adicionales significativos para caracter\u00edsticas comparables, sumando\u00a0<strong>$41,175 USD m\u00e1s<\/strong>.<\/p>\n<\/div>\n<\/div>\n\n\n\n<div class=\"wp-block-column is-layout-flow wp-block-column-is-layout-flow\">\n<div class=\"wp-block-group is-layout-flow wp-block-group-is-layout-flow\" style=\"border-top-color:var(--wp--preset--color--accent-6);border-top-width:1px;padding-top:var(--wp--preset--spacing--30);padding-bottom:var(--wp--preset--spacing--30)\">\n<h3 class=\"wp-block-heading\"><strong>\u00bfCu\u00e1nto cuesta su m\u00e1quina CNC?<\/strong><\/h3>\n\n\n\n<p>Nuestra m\u00e1quina CNC tiene un precio competitivo, ofreciendo\u00a0<strong>caracter\u00edsticas de alto rendimiento<\/strong>\u00a0como\u00a0<strong>32 GB de memoria<\/strong>,\u00a0<strong>mecanizado de alta velocidad<\/strong>,\u00a0<strong>transportador de virutas autom\u00e1tico<\/strong>, y\u00a0<strong>tres a\u00f1os de garant\u00eda<\/strong>, todo incluido. El precio base te proporciona todo lo necesario para alcanzar un rendimiento de primer nivel sin costos ocultos.<\/p>\n<\/div>\n<\/div>\n<\/div>\n\n\n\n<div class=\"wp-block-columns is-layout-flex wp-container-core-columns-is-layout-cbe57604 wp-block-columns-is-layout-flex\">\n<div class=\"wp-block-column is-layout-flow wp-block-column-is-layout-flow\">\n<div class=\"wp-block-group is-layout-flow wp-block-group-is-layout-flow\" style=\"border-top-color:var(--wp--preset--color--accent-6);border-top-width:1px;padding-top:var(--wp--preset--spacing--30);padding-bottom:var(--wp--preset--spacing--30)\">\n<h3 class=\"wp-block-heading\"><strong>\u00bfCu\u00e1ndo puedo obtener la m\u00e1quina CNC?<\/strong><\/h3>\n\n\n\n<p>Nuestra m\u00e1quina CNC est\u00e1 disponible para su compra de inmediato. Puedes disfrutar de\u00a0<strong>entrega r\u00e1pida<\/strong>\u00a0y\u00a0<strong>env\u00edo gratuito<\/strong>, asegurando que tu m\u00e1quina est\u00e9 operativa en poco tiempo. \u00a1No esperes m\u00e1s, asegura tu m\u00e1quina hoy!<\/p>\n<\/div>\n<\/div>\n\n\n\n<div class=\"wp-block-column is-layout-flow wp-block-column-is-layout-flow\">\n<div class=\"wp-block-group is-layout-flow wp-block-group-is-layout-flow\" style=\"border-top-color:var(--wp--preset--color--accent-6);border-top-width:1px;padding-top:var(--wp--preset--spacing--30);padding-bottom:var(--wp--preset--spacing--30)\">\n<h3 class=\"wp-block-heading\"><strong>\u00bfHay costos adicionales por caracter\u00edsticas?<\/strong><\/h3>\n\n\n\n<p>No, todas las caracter\u00edsticas esenciales, como\u00a0<strong>mecanizado de alta velocidad<\/strong>,\u00a0<strong>cambiador de herramientas tipo brazo con 24 posiciones<\/strong>,\u00a0<strong>transportador de virutas<\/strong>,\u00a0<strong>empaque<\/strong>,\u00a0<strong>env\u00edo<\/strong>\u00a0y\u00a0<strong>3 a\u00f1os de garant\u00eda<\/strong>, est\u00e1n incluidas en el precio. A diferencia de la competencia, que cobra\u00a0<strong>hasta $41,175 USD m\u00e1s<\/strong>\u00a0por caracter\u00edsticas comparables, nosotros ofrecemos el mejor valor desde el inicio.<br><br><br><br><\/p>\n<\/div>\n<\/div>\n<\/div>\n<\/div>\n<\/div>\n\n\n\n<h4 class=\"wp-block-heading has-text-align-center has-large-font-size\"><strong>\u00a1Equipa tu negocio hoy mismo!<\/strong><br>Aprovecha nuestra oferta exclusiva:&nbsp;<strong>ll\u00e9vatela con solo el 15% de enganche y paga en 24 meses sin intereses<\/strong>. \u00a1No dejes pasar esta oportunidad de llevar tu producci\u00f3n al siguiente nivel!<\/h4>\n\n\n\n<p class=\"has-text-align-center\">\ud83d\udcf2&nbsp;<strong>\u00a1Escanea ahora y obt\u00e9n un descuento exclusivo!<\/strong>&nbsp;\ud83c\udf89<\/p>\n\n\n\n<div class=\"wp-block-joinchat-button joinchat-button--qr-both has-border-color\" style=\"border-color:#25d366;border-style:solid;border-width:6px;border-radius:30px\"><figure><figcaption>Escanea el c\u00f3digo<\/figcaption><a class=\"joinchat-button__qr has-border-color\" style=\"border-color:#25d366;border-style:solid;border-width:6px;border-radius:30px\" href=\"#whatsapp\"><\/a><\/figure><a class=\"wp-block-button__link joinchat-button__link has-ffffff-color has-text-color has-background has-border-color\" style=\"border-color:#25d366;border-style:solid;border-width:6px;border-radius:30px;background-color:#25d366\" href=\"#whatsapp\"><span><strong>Open Chat<\/strong><\/span><\/a><\/div>\n\n\n\n<p><strong>Env\u00edanos tus datos y descarga tu cotizaci\u00f3n al instante.<\/strong><\/p>\n\n\n\n<ul class=\"wp-block-list\">\n<li>24 meses sin intereses.<\/li>\n\n\n\n<li>Desde 15% de enganche.<\/li>\n\n\n\n<li>3 meses de gracia para empezar a pagar.<\/li>\n\n\n\n<li>Financiamiento directo de f\u00e1brica.<\/li>\n\n\n\n<li>Recibe tu aprobaci\u00f3n de cr\u00e9dito en 48 horas.<\/li>\n<\/ul>\n\n\n<style id=\"wpforms-css-vars-76-block-5c69b819-af7e-444e-a15f-3cfa535af312\">\n\t\t\t\t#wpforms-76.wpforms-block-5c69b819-af7e-444e-a15f-3cfa535af312 {\n\t\t\t\t--wpforms-field-border-color: #ea1044;\n--wpforms-field-border-color-spare: #ea1044;\n--wpforms-field-size-input-height: 43px;\n--wpforms-field-size-input-spacing: 15px;\n--wpforms-field-size-font-size: 16px;\n--wpforms-field-size-line-height: 19px;\n--wpforms-field-size-padding-h: 14px;\n--wpforms-field-size-checkbox-size: 16px;\n--wpforms-field-size-sublabel-spacing: 5px;\n--wpforms-field-size-icon-size: 1;\n--wpforms-label-size-font-size: 16px;\n--wpforms-label-size-line-height: 19px;\n--wpforms-label-size-sublabel-font-size: 14px;\n--wpforms-label-size-sublabel-line-height: 17px;\n--wpforms-button-size-font-size: 17px;\n--wpforms-button-size-height: 41px;\n--wpforms-button-size-padding-h: 15px;\n--wpforms-button-size-margin-top: 10px;\n\n\t\t\t}\n\t\t\t<\/style><div class=\"wpforms-container wpforms-container-full wpforms-block wpforms-block-5c69b819-af7e-444e-a15f-3cfa535af312 wpforms-render-modern\" id=\"wpforms-76\"><form id=\"wpforms-form-76\" class=\"wpforms-validate wpforms-form wpforms-ajax-form\" data-formid=\"76\" method=\"post\" enctype=\"multipart\/form-data\" action=\"\/index.php\/wp-json\/wp\/v2\/pages\/1225\" data-token=\"dfb8590603c3fa4150d8bf4f04820e3c\" data-token-time=\"1778883942\"><noscript class=\"wpforms-error-noscript\">Por favor, activa JavaScript en tu navegador para completar este formulario.<\/noscript><div class=\"wpforms-hidden\" id=\"wpforms-error-noscript\">Por favor, activa JavaScript en tu navegador para completar este formulario.<\/div><div class=\"wpforms-field-container\"><div id=\"wpforms-76-field_1-container\" class=\"wpforms-field wpforms-field-name\" data-field-id=\"1\"><fieldset><legend class=\"wpforms-field-label\">Nombre <span class=\"wpforms-required-label\" aria-hidden=\"true\">*<\/span><\/legend><div class=\"wpforms-field-row wpforms-field-medium\"><div class=\"wpforms-field-row-block wpforms-first wpforms-one-half\"><input type=\"text\" id=\"wpforms-76-field_1\" class=\"wpforms-field-name-first wpforms-field-required\" name=\"wpforms[fields][1][first]\" aria-errormessage=\"wpforms-76-field_1-error\" required><label for=\"wpforms-76-field_1\" class=\"wpforms-field-sublabel after\">Nombre<\/label><\/div><div class=\"wpforms-field-row-block wpforms-one-half\"><input type=\"text\" id=\"wpforms-76-field_1-last\" class=\"wpforms-field-name-last wpforms-field-required\" name=\"wpforms[fields][1][last]\" aria-errormessage=\"wpforms-76-field_1-last-error\" required><label for=\"wpforms-76-field_1-last\" class=\"wpforms-field-sublabel after\">Apellidos<\/label><\/div><\/div><\/fieldset><\/div><div id=\"wpforms-76-field_5-container\" class=\"wpforms-field wpforms-field-email\" data-field-id=\"5\"><label class=\"wpforms-field-label\" for=\"wpforms-76-field_5\">Correo electr\u00f3nico <span class=\"wpforms-required-label\" aria-hidden=\"true\">*<\/span><\/label><input type=\"email\" id=\"wpforms-76-field_5\" class=\"wpforms-field-medium wpforms-field-required\" name=\"wpforms[fields][5]\" spellcheck=\"false\" aria-errormessage=\"wpforms-76-field_5-error\" required><\/div><div id=\"wpforms-76-field_3-container\" class=\"wpforms-field wpforms-field-textarea\" data-field-id=\"3\"><label class=\"wpforms-field-label\" for=\"wpforms-76-field_3\">\u00bfQu\u00e9 producto o servicio te interesa?<\/label><textarea id=\"wpforms-76-field_3\" class=\"wpforms-field-medium\" name=\"wpforms[fields][3]\" aria-errormessage=\"wpforms-76-field_3-error\" ><\/textarea><\/div><\/div><!-- .wpforms-field-container --><div class=\"wpforms-submit-container\" ><input type=\"hidden\" name=\"wpforms[id]\" value=\"76\"><input type=\"hidden\" name=\"page_title\" value=\"\"><input type=\"hidden\" name=\"page_url\" value=\"https:\/\/machinery.servo.systems\/index.php\/wp-json\/wp\/v2\/pages\/1225\"><input type=\"hidden\" name=\"url_referer\" value=\"\"><button type=\"submit\" name=\"wpforms[submit]\" id=\"wpforms-submit-76\" class=\"wpforms-submit\" data-alt-text=\"Sending...\" data-submit-text=\"Cotizar\" aria-live=\"assertive\" value=\"wpforms-submit\">Cotizar<\/button><img decoding=\"async\" src=\"https:\/\/machinery.servo.systems\/wp-content\/plugins\/wpforms-lite\/assets\/images\/submit-spin.svg\" class=\"wpforms-submit-spinner\" style=\"display: none;\" width=\"26\" height=\"26\" alt=\"Cargando\"><\/div><\/form><\/div>  <!-- .wpforms-container -->\n\n\n<p><\/p>\n","protected":false},"excerpt":{"rendered":"<p>VMC1000II Esta potente fresadora CNC ofrece&nbsp;alta precisi\u00f3n y velocidad, con un \u00e1rea de trabajo de&nbsp;1000x600x600 mm&nbsp;y una estructura robusta capaz de soportar hasta&nbsp;800 kg. Su husillo de&nbsp;15 HP&nbsp;alcanza&nbsp;8,000 rpm, con transmisi\u00f3n por banda y lubricaci\u00f3n autom\u00e1tica. Equipada con un&nbsp;cambiador de herramientas de doble brazo&nbsp;para&nbsp;24 herramientas, garantiza cambios r\u00e1pidos en&nbsp;2.5 segundos. Sus gu\u00edas lineales permiten movimientos [&hellip;]<\/p>\n","protected":false},"author":1,"featured_media":0,"parent":0,"menu_order":0,"comment_status":"closed","ping_status":"closed","template":"","meta":{"_acf_changed":false,"_joinchat":[],"footnotes":""},"class_list":["post-1225","page","type-page","status-publish","hentry"],"acf":[],"_links":{"self":[{"href":"https:\/\/machinery.servo.systems\/index.php\/wp-json\/wp\/v2\/pages\/1225","targetHints":{"allow":["GET"]}}],"collection":[{"href":"https:\/\/machinery.servo.systems\/index.php\/wp-json\/wp\/v2\/pages"}],"about":[{"href":"https:\/\/machinery.servo.systems\/index.php\/wp-json\/wp\/v2\/types\/page"}],"author":[{"embeddable":true,"href":"https:\/\/machinery.servo.systems\/index.php\/wp-json\/wp\/v2\/users\/1"}],"replies":[{"embeddable":true,"href":"https:\/\/machinery.servo.systems\/index.php\/wp-json\/wp\/v2\/comments?post=1225"}],"version-history":[{"count":10,"href":"https:\/\/machinery.servo.systems\/index.php\/wp-json\/wp\/v2\/pages\/1225\/revisions"}],"predecessor-version":[{"id":1246,"href":"https:\/\/machinery.servo.systems\/index.php\/wp-json\/wp\/v2\/pages\/1225\/revisions\/1246"}],"wp:attachment":[{"href":"https:\/\/machinery.servo.systems\/index.php\/wp-json\/wp\/v2\/media?parent=1225"}],"curies":[{"name":"wp","href":"https:\/\/api.w.org\/{rel}","templated":true}]}}