{"id":162,"date":"2024-12-21T00:57:38","date_gmt":"2024-12-21T00:57:38","guid":{"rendered":"https:\/\/machinery.servo.systems\/?page_id=162"},"modified":"2024-12-30T19:48:53","modified_gmt":"2024-12-30T19:48:53","slug":"cncverticalmaquinado","status":"publish","type":"page","link":"https:\/\/machinery.servo.systems\/index.php\/cncverticalmaquinado\/","title":{"rendered":"CENTROS DE M\u00c1QUINADO VERTICALES CNC"},"content":{"rendered":"\n<div class=\"wp-block-group has-global-padding is-layout-constrained wp-block-group-is-layout-constrained\">\n<div class=\"wp-block-columns is-layout-flex wp-container-core-columns-is-layout-28f84493 wp-block-columns-is-layout-flex\">\n<div class=\"wp-block-column is-layout-flow wp-block-column-is-layout-flow\">\n<p><strong>Tecnolog\u00eda de precisi\u00f3n que transforma tu<\/strong><\/p>\n\n\n\n<p>Lleva tu operaci\u00f3n al siguiente nivel con nuestra \u00faltima generaci\u00f3n de Centros de Maquinado Verticales CNC. Equipados con la tecnolog\u00eda m\u00e1s avanzada de Control Num\u00e9rico Computarizado, nuestras m\u00e1quinas est\u00e1n dise\u00f1adas para ofrecer&nbsp;<strong>potencia, precisi\u00f3n y rendimiento sin igual<\/strong>.<\/p>\n\n\n\n<p>Descubre nuestro&nbsp;<strong>amplio cat\u00e1logo<\/strong>&nbsp;y encuentra el modelo perfecto para las necesidades de tu negocio.<\/p>\n\n\n\n<p>\ud83d\ude80&nbsp;<strong>\u00bfPor qu\u00e9 elegirnos?<\/strong><\/p>\n\n\n\n<p>Respaldo de expertos y garant\u00eda de calidad.<\/p>\n\n\n\n<p>M\u00e1xima precisi\u00f3n en cada proceso.<\/p>\n\n\n\n<p>Dise\u00f1ados para aumentar tu productividad.<\/p>\n<\/div>\n<\/div>\n<\/div>\n\n\n\n<div class=\"wp-block-group has-global-padding is-layout-constrained wp-block-group-is-layout-constrained\">\n<div class=\"wp-block-columns is-layout-flex wp-container-core-columns-is-layout-28f84493 wp-block-columns-is-layout-flex\">\n<div class=\"wp-block-column is-layout-flow wp-block-column-is-layout-flow\" style=\"flex-basis:100%\">\n<div class=\"wp-block-columns is-layout-flex wp-container-core-columns-is-layout-28f84493 wp-block-columns-is-layout-flex\">\n<div class=\"wp-block-column is-layout-flow wp-block-column-is-layout-flow\" style=\"flex-basis:100%\">\n<div class=\"wp-block-group is-nowrap is-layout-flex wp-container-core-group-is-layout-6c531013 wp-block-group-is-layout-flex\">\n<div class=\"wp-block-columns is-layout-flex wp-container-core-columns-is-layout-28f84493 wp-block-columns-is-layout-flex\">\n<div class=\"wp-block-column is-layout-flow wp-block-column-is-layout-flow\">\n<h4 class=\"wp-block-heading has-text-align-left\"><a href=\"https:\/\/machinery.servo.systems\/index.php\/v-180\/\" data-type=\"page\" data-id=\"818\">V-180<\/a><\/h4>\n\n\n\n<p class=\"has-text-align-left\"><strong>RPM:<\/strong>\u00a020 000 rpm<br><strong>Potencia:<\/strong>\u00a08hp<br><strong>Recorridos:<\/strong>\u00a0X: 500 mm Y: 400 mm Z:330 mm<br><strong>Carga sobre la mesa:<\/strong>\u00a0255 kgm<br><strong>Peso m\u00e1x. herramienta:<\/strong>\u00a03 Kg<\/p>\n<\/div>\n<\/div>\n\n\n\n<figure class=\"wp-block-image size-full is-resized\"><img fetchpriority=\"high\" decoding=\"async\" width=\"650\" height=\"650\" src=\"http:\/\/machinery.servo.systems\/wp-content\/uploads\/2024\/12\/V-180-po1e6au3blzbp8cnd7pt9ffnytlzn2itarhm6dneuc.png\" alt=\"\" class=\"wp-image-166\" style=\"width:244px;height:auto\" srcset=\"https:\/\/machinery.servo.systems\/wp-content\/uploads\/2024\/12\/V-180-po1e6au3blzbp8cnd7pt9ffnytlzn2itarhm6dneuc.png 650w, https:\/\/machinery.servo.systems\/wp-content\/uploads\/2024\/12\/V-180-po1e6au3blzbp8cnd7pt9ffnytlzn2itarhm6dneuc-300x300.png 300w, https:\/\/machinery.servo.systems\/wp-content\/uploads\/2024\/12\/V-180-po1e6au3blzbp8cnd7pt9ffnytlzn2itarhm6dneuc-100x100.png 100w, https:\/\/machinery.servo.systems\/wp-content\/uploads\/2024\/12\/V-180-po1e6au3blzbp8cnd7pt9ffnytlzn2itarhm6dneuc-600x600.png 600w, https:\/\/machinery.servo.systems\/wp-content\/uploads\/2024\/12\/V-180-po1e6au3blzbp8cnd7pt9ffnytlzn2itarhm6dneuc-150x150.png 150w\" sizes=\"(max-width: 650px) 100vw, 650px\" \/><\/figure>\n<\/div>\n\n\n\n<div class=\"wp-block-group is-nowrap is-layout-flex wp-container-core-group-is-layout-6c531013 wp-block-group-is-layout-flex\">\n<div class=\"wp-block-columns is-layout-flex wp-container-core-columns-is-layout-28f84493 wp-block-columns-is-layout-flex\">\n<div class=\"wp-block-column is-layout-flow wp-block-column-is-layout-flow\">\n<h3 class=\"wp-block-heading has-text-align-left\"><a href=\"https:\/\/machinery.servo.systems\/index.php\/vmc-1300-ii\/\" data-type=\"page\" data-id=\"207\">VMC 1300 II<\/a><\/h3>\n\n\n\n<p class=\"has-text-align-left\"><strong>RPM:<\/strong> 8 000 rpm<br><strong>Potencia:<\/strong> 15hp<br><strong>Recorridos:<\/strong> X: 1300 mm Y: 650 mm Z: 650 mm<br><strong>Carga sobre la mesa:<\/strong> 1200 kg<br><strong>Peso m\u00e1x. herramienta:<\/strong> 7 Kg<\/p>\n<\/div>\n<\/div>\n\n\n\n<figure class=\"wp-block-image size-full is-resized\"><img decoding=\"async\" width=\"650\" height=\"650\" src=\"https:\/\/machinery.servo.systems\/wp-content\/uploads\/2024\/12\/VMC-1300II-po1e7ebbanhd8urayos565h0x07emcvjg6w0c00vl0-1.png\" alt=\"\" class=\"wp-image-183\" style=\"width:244px;height:auto\" srcset=\"https:\/\/machinery.servo.systems\/wp-content\/uploads\/2024\/12\/VMC-1300II-po1e7ebbanhd8urayos565h0x07emcvjg6w0c00vl0-1.png 650w, https:\/\/machinery.servo.systems\/wp-content\/uploads\/2024\/12\/VMC-1300II-po1e7ebbanhd8urayos565h0x07emcvjg6w0c00vl0-1-300x300.png 300w, https:\/\/machinery.servo.systems\/wp-content\/uploads\/2024\/12\/VMC-1300II-po1e7ebbanhd8urayos565h0x07emcvjg6w0c00vl0-1-100x100.png 100w, https:\/\/machinery.servo.systems\/wp-content\/uploads\/2024\/12\/VMC-1300II-po1e7ebbanhd8urayos565h0x07emcvjg6w0c00vl0-1-600x600.png 600w, https:\/\/machinery.servo.systems\/wp-content\/uploads\/2024\/12\/VMC-1300II-po1e7ebbanhd8urayos565h0x07emcvjg6w0c00vl0-1-150x150.png 150w\" sizes=\"(max-width: 650px) 100vw, 650px\" \/><\/figure>\n<\/div>\n\n\n\n<div class=\"wp-block-group is-nowrap is-layout-flex wp-container-core-group-is-layout-6c531013 wp-block-group-is-layout-flex\">\n<div class=\"wp-block-columns is-layout-flex wp-container-core-columns-is-layout-28f84493 wp-block-columns-is-layout-flex\">\n<div class=\"wp-block-column is-layout-flow wp-block-column-is-layout-flow\">\n<h3 class=\"wp-block-heading has-text-align-left\"><a href=\"https:\/\/machinery.servo.systems\/index.php\/vmc-1200-ii\/\" data-type=\"page\" data-id=\"211\">VMC 1200 II<\/a><\/h3>\n\n\n\n<p class=\"has-text-align-left\"><strong>RPM:<\/strong> 8 000 rpm<br><strong>Potencia:<\/strong> 15hp<br><strong>Recorridos:<\/strong> X: 1200 mm Y: 600 mm Z: 600 mm<br><strong>Carga sobre la mesa:<\/strong> 600 kgm<br><strong>Peso m\u00e1x. herramienta:<\/strong> 7 Kg<\/p>\n<\/div>\n<\/div>\n\n\n\n<figure class=\"wp-block-image size-full is-resized\"><img decoding=\"async\" width=\"650\" height=\"650\" src=\"https:\/\/machinery.servo.systems\/wp-content\/uploads\/2024\/12\/VMCw-1300II-po1e7ebbanhd8urayos565h0x07emcvjg6w0c00vl0-1.png\" alt=\"\" class=\"wp-image-185\" style=\"width:244px;height:auto\" srcset=\"https:\/\/machinery.servo.systems\/wp-content\/uploads\/2024\/12\/VMCw-1300II-po1e7ebbanhd8urayos565h0x07emcvjg6w0c00vl0-1.png 650w, https:\/\/machinery.servo.systems\/wp-content\/uploads\/2024\/12\/VMCw-1300II-po1e7ebbanhd8urayos565h0x07emcvjg6w0c00vl0-1-300x300.png 300w, https:\/\/machinery.servo.systems\/wp-content\/uploads\/2024\/12\/VMCw-1300II-po1e7ebbanhd8urayos565h0x07emcvjg6w0c00vl0-1-100x100.png 100w, https:\/\/machinery.servo.systems\/wp-content\/uploads\/2024\/12\/VMCw-1300II-po1e7ebbanhd8urayos565h0x07emcvjg6w0c00vl0-1-600x600.png 600w, https:\/\/machinery.servo.systems\/wp-content\/uploads\/2024\/12\/VMCw-1300II-po1e7ebbanhd8urayos565h0x07emcvjg6w0c00vl0-1-150x150.png 150w\" sizes=\"(max-width: 650px) 100vw, 650px\" \/><\/figure>\n<\/div>\n<\/div>\n<\/div>\n<\/div>\n<\/div>\n\n\n\n<div class=\"wp-block-group has-global-padding is-layout-constrained wp-block-group-is-layout-constrained\">\n<div class=\"wp-block-columns is-layout-flex wp-container-core-columns-is-layout-28f84493 wp-block-columns-is-layout-flex\">\n<div class=\"wp-block-column is-layout-flow wp-block-column-is-layout-flow\" style=\"flex-basis:100%\">\n<div class=\"wp-block-columns is-layout-flex wp-container-core-columns-is-layout-28f84493 wp-block-columns-is-layout-flex\">\n<div class=\"wp-block-column is-layout-flow wp-block-column-is-layout-flow\" style=\"flex-basis:100%\">\n<hr class=\"wp-block-separator has-alpha-channel-opacity\"\/>\n\n\n\n<div class=\"wp-block-group is-nowrap is-layout-flex wp-container-core-group-is-layout-6c531013 wp-block-group-is-layout-flex\">\n<div class=\"wp-block-columns is-layout-flex wp-container-core-columns-is-layout-28f84493 wp-block-columns-is-layout-flex\">\n<div class=\"wp-block-column is-layout-flow wp-block-column-is-layout-flow\">\n<h3 class=\"wp-block-heading has-text-align-left\"><a href=\"https:\/\/machinery.servo.systems\/index.php\/cfv-600\/\" data-type=\"page\" data-id=\"219\">CFV 600<\/a><\/h3>\n\n\n\n<p class=\"has-text-align-left\"><strong>RPM:<\/strong> 12 000 rpm<br><strong>Potencia:<\/strong> 15hp<br><strong>Recorridos:<\/strong> X: 600 mm Y: 430 mm Z: 510 mm<br><strong>Carga sobre la mesa:<\/strong>  500 kgm<br><strong>Peso m\u00e1x. herramienta:<\/strong> 7 Kg<\/p>\n<\/div>\n<\/div>\n\n\n\n<figure class=\"wp-block-image size-full is-resized\"><img loading=\"lazy\" decoding=\"async\" width=\"650\" height=\"650\" src=\"http:\/\/machinery.servo.systems\/wp-content\/uploads\/2024\/12\/CFV-600-po1ea0b6a321huyrpteu3hr4bjc4038p544kbo5ias.png\" alt=\"\" class=\"wp-image-170\" style=\"width:244px;height:auto\" srcset=\"https:\/\/machinery.servo.systems\/wp-content\/uploads\/2024\/12\/CFV-600-po1ea0b6a321huyrpteu3hr4bjc4038p544kbo5ias.png 650w, https:\/\/machinery.servo.systems\/wp-content\/uploads\/2024\/12\/CFV-600-po1ea0b6a321huyrpteu3hr4bjc4038p544kbo5ias-300x300.png 300w, https:\/\/machinery.servo.systems\/wp-content\/uploads\/2024\/12\/CFV-600-po1ea0b6a321huyrpteu3hr4bjc4038p544kbo5ias-100x100.png 100w, https:\/\/machinery.servo.systems\/wp-content\/uploads\/2024\/12\/CFV-600-po1ea0b6a321huyrpteu3hr4bjc4038p544kbo5ias-600x600.png 600w, https:\/\/machinery.servo.systems\/wp-content\/uploads\/2024\/12\/CFV-600-po1ea0b6a321huyrpteu3hr4bjc4038p544kbo5ias-150x150.png 150w\" sizes=\"(max-width: 650px) 100vw, 650px\" \/><\/figure>\n<\/div>\n\n\n\n<div class=\"wp-block-group is-nowrap is-layout-flex wp-container-core-group-is-layout-6c531013 wp-block-group-is-layout-flex\">\n<div class=\"wp-block-columns is-layout-flex wp-container-core-columns-is-layout-28f84493 wp-block-columns-is-layout-flex\">\n<div class=\"wp-block-column is-layout-flow wp-block-column-is-layout-flow\">\n<h3 class=\"wp-block-heading has-text-align-left\"><a href=\"https:\/\/machinery.servo.systems\/index.php\/cfv-1000-lite\/\" data-type=\"page\" data-id=\"222\">CFV 1000 Lite<\/a><\/h3>\n\n\n\n<p class=\"has-text-align-left\"><strong>RPM:<\/strong> 18 000 rpm<br><strong>Potencia:<\/strong> 7.5\/18 kW<br><strong>Recorridos:<\/strong> X: 1000 mm Y: 600 mm Z: 600 mm<br><strong>Carga sobre la mesa:<\/strong> 400 kgm<br><strong>Peso m\u00e1x. herramienta:<\/strong> 5 Kg<\/p>\n<\/div>\n<\/div>\n\n\n\n<figure class=\"wp-block-image size-full is-resized\"><img loading=\"lazy\" decoding=\"async\" width=\"650\" height=\"650\" src=\"http:\/\/machinery.servo.systems\/wp-content\/uploads\/2024\/12\/CFV-900-po1ebad9kyt3ar3v8vbjzo4pff13h9bjng3cu897tw.png\" alt=\"\" class=\"wp-image-172\" style=\"width:244px;height:auto\" srcset=\"https:\/\/machinery.servo.systems\/wp-content\/uploads\/2024\/12\/CFV-900-po1ebad9kyt3ar3v8vbjzo4pff13h9bjng3cu897tw.png 650w, https:\/\/machinery.servo.systems\/wp-content\/uploads\/2024\/12\/CFV-900-po1ebad9kyt3ar3v8vbjzo4pff13h9bjng3cu897tw-300x300.png 300w, https:\/\/machinery.servo.systems\/wp-content\/uploads\/2024\/12\/CFV-900-po1ebad9kyt3ar3v8vbjzo4pff13h9bjng3cu897tw-100x100.png 100w, https:\/\/machinery.servo.systems\/wp-content\/uploads\/2024\/12\/CFV-900-po1ebad9kyt3ar3v8vbjzo4pff13h9bjng3cu897tw-600x600.png 600w, https:\/\/machinery.servo.systems\/wp-content\/uploads\/2024\/12\/CFV-900-po1ebad9kyt3ar3v8vbjzo4pff13h9bjng3cu897tw-150x150.png 150w\" sizes=\"(max-width: 650px) 100vw, 650px\" \/><\/figure>\n<\/div>\n\n\n\n<div class=\"wp-block-group is-nowrap is-layout-flex wp-container-core-group-is-layout-6c531013 wp-block-group-is-layout-flex\">\n<div class=\"wp-block-columns is-layout-flex wp-container-core-columns-is-layout-28f84493 wp-block-columns-is-layout-flex\">\n<div class=\"wp-block-column is-layout-flow wp-block-column-is-layout-flow\">\n<h3 class=\"wp-block-heading has-text-align-left\"><a href=\"https:\/\/machinery.servo.systems\/index.php\/cfv-900\/\" data-type=\"page\" data-id=\"225\">CFV 900<\/a><\/h3>\n\n\n\n<p class=\"has-text-align-left\"><strong>RPM:<\/strong> 12 000 rpm<br><strong>Potencia:<\/strong> 15hp<br><strong>Recorridos:<\/strong> X: 600 mm Y: 430 mm Z: 510 mm<br><strong>Carga sobre la mesa:<\/strong> 700 kgm<br><strong>Peso m\u00e1x. herramienta:<\/strong> 7 Kg<\/p>\n<\/div>\n<\/div>\n\n\n\n<figure class=\"wp-block-image size-full is-resized\"><img loading=\"lazy\" decoding=\"async\" width=\"650\" height=\"650\" src=\"http:\/\/machinery.servo.systems\/wp-content\/uploads\/2024\/12\/CFV-900-po1ebad9kyt3ar3v8vbjzo4pff13h9bjng3cu897tw.png\" alt=\"\" class=\"wp-image-172\" style=\"width:244px;height:auto\" srcset=\"https:\/\/machinery.servo.systems\/wp-content\/uploads\/2024\/12\/CFV-900-po1ebad9kyt3ar3v8vbjzo4pff13h9bjng3cu897tw.png 650w, https:\/\/machinery.servo.systems\/wp-content\/uploads\/2024\/12\/CFV-900-po1ebad9kyt3ar3v8vbjzo4pff13h9bjng3cu897tw-300x300.png 300w, https:\/\/machinery.servo.systems\/wp-content\/uploads\/2024\/12\/CFV-900-po1ebad9kyt3ar3v8vbjzo4pff13h9bjng3cu897tw-100x100.png 100w, https:\/\/machinery.servo.systems\/wp-content\/uploads\/2024\/12\/CFV-900-po1ebad9kyt3ar3v8vbjzo4pff13h9bjng3cu897tw-600x600.png 600w, https:\/\/machinery.servo.systems\/wp-content\/uploads\/2024\/12\/CFV-900-po1ebad9kyt3ar3v8vbjzo4pff13h9bjng3cu897tw-150x150.png 150w\" sizes=\"(max-width: 650px) 100vw, 650px\" \/><\/figure>\n<\/div>\n<\/div>\n<\/div>\n<\/div>\n<\/div>\n<\/div>\n\n\n\n<div class=\"wp-block-group is-nowrap is-layout-flex wp-container-core-group-is-layout-6c531013 wp-block-group-is-layout-flex\">\n<div class=\"wp-block-columns is-layout-flex wp-container-core-columns-is-layout-28f84493 wp-block-columns-is-layout-flex\">\n<div class=\"wp-block-column is-layout-flow wp-block-column-is-layout-flow\">\n<h3 class=\"wp-block-heading has-text-align-left\"><a href=\"https:\/\/machinery.servo.systems\/index.php\/vmc-850-ii\/\" data-type=\"page\" data-id=\"237\">VMC 850 II<\/a><\/h3>\n\n\n\n<p class=\"has-text-align-left\"><strong>RPM:<\/strong> 8 000 rpm<br><strong>Potencia:<\/strong> 10hp<br><strong>Recorridos:<\/strong> X: 850 mm Y: 500 mm Z: 500 mm<br><strong>Carga sobre la mesa:<\/strong> 600 kgm<br><strong>Peso m\u00e1x. herramienta:<\/strong> 7 Kg<\/p>\n<\/div>\n<\/div>\n\n\n\n<figure class=\"wp-block-image size-full is-resized\"><img loading=\"lazy\" decoding=\"async\" width=\"650\" height=\"650\" src=\"https:\/\/machinery.servo.systems\/wp-content\/uploads\/2024\/12\/04_VMC850II-pi6s082jliy9j76qtl0sdg5gtx87k5vmdpwinnb7xg.png\" alt=\"\" class=\"wp-image-239\" style=\"width:244px;height:auto\" srcset=\"https:\/\/machinery.servo.systems\/wp-content\/uploads\/2024\/12\/04_VMC850II-pi6s082jliy9j76qtl0sdg5gtx87k5vmdpwinnb7xg.png 650w, https:\/\/machinery.servo.systems\/wp-content\/uploads\/2024\/12\/04_VMC850II-pi6s082jliy9j76qtl0sdg5gtx87k5vmdpwinnb7xg-300x300.png 300w, https:\/\/machinery.servo.systems\/wp-content\/uploads\/2024\/12\/04_VMC850II-pi6s082jliy9j76qtl0sdg5gtx87k5vmdpwinnb7xg-100x100.png 100w, https:\/\/machinery.servo.systems\/wp-content\/uploads\/2024\/12\/04_VMC850II-pi6s082jliy9j76qtl0sdg5gtx87k5vmdpwinnb7xg-600x600.png 600w, https:\/\/machinery.servo.systems\/wp-content\/uploads\/2024\/12\/04_VMC850II-pi6s082jliy9j76qtl0sdg5gtx87k5vmdpwinnb7xg-150x150.png 150w\" sizes=\"(max-width: 650px) 100vw, 650px\" \/><\/figure>\n<\/div>\n\n\n\n<div class=\"wp-block-group is-nowrap is-layout-flex wp-container-core-group-is-layout-6c531013 wp-block-group-is-layout-flex\">\n<div class=\"wp-block-columns is-layout-flex wp-container-core-columns-is-layout-28f84493 wp-block-columns-is-layout-flex\">\n<div class=\"wp-block-column is-vertically-aligned-bottom is-layout-flow wp-block-column-is-layout-flow\">\n<h3 class=\"wp-block-heading has-text-align-left\"><a href=\"https:\/\/machinery.servo.systems\/index.php\/vmc-760-ii\/\" data-type=\"page\" data-id=\"232\">VMC 760 II<\/a><\/h3>\n\n\n\n<p class=\"has-text-align-left\"><strong>RPM:<\/strong> 8 000 rpm<br><strong>Potencia:<\/strong> 10hp<br><strong>Recorridos:<\/strong> X: 760 mm Y: 400 mm Z: 500 mm<br><strong>Carga sobre la mesa:<\/strong> 600 kgm<br><strong>Peso m\u00e1x. herramienta:<\/strong> 7 Kg<\/p>\n<\/div>\n<\/div>\n\n\n\n<figure class=\"wp-block-image size-full is-resized\"><img loading=\"lazy\" decoding=\"async\" width=\"650\" height=\"650\" src=\"http:\/\/machinery.servo.systems\/wp-content\/uploads\/2024\/12\/CFV-900-po1ebad9kyt3ar3v8vbjzo4pff13h9bjng3cu897tw.png\" alt=\"\" class=\"wp-image-172\" style=\"width:244px;height:auto\" srcset=\"https:\/\/machinery.servo.systems\/wp-content\/uploads\/2024\/12\/CFV-900-po1ebad9kyt3ar3v8vbjzo4pff13h9bjng3cu897tw.png 650w, https:\/\/machinery.servo.systems\/wp-content\/uploads\/2024\/12\/CFV-900-po1ebad9kyt3ar3v8vbjzo4pff13h9bjng3cu897tw-300x300.png 300w, https:\/\/machinery.servo.systems\/wp-content\/uploads\/2024\/12\/CFV-900-po1ebad9kyt3ar3v8vbjzo4pff13h9bjng3cu897tw-100x100.png 100w, https:\/\/machinery.servo.systems\/wp-content\/uploads\/2024\/12\/CFV-900-po1ebad9kyt3ar3v8vbjzo4pff13h9bjng3cu897tw-600x600.png 600w, https:\/\/machinery.servo.systems\/wp-content\/uploads\/2024\/12\/CFV-900-po1ebad9kyt3ar3v8vbjzo4pff13h9bjng3cu897tw-150x150.png 150w\" sizes=\"(max-width: 650px) 100vw, 650px\" \/><\/figure>\n<\/div>\n\n\n\n<div class=\"wp-block-group is-nowrap is-layout-flex wp-container-core-group-is-layout-6c531013 wp-block-group-is-layout-flex\">\n<div class=\"wp-block-columns is-layout-flex wp-container-core-columns-is-layout-28f84493 wp-block-columns-is-layout-flex\">\n<div class=\"wp-block-column is-layout-flow wp-block-column-is-layout-flow\">\n<h3 class=\"wp-block-heading has-text-align-left\"><a href=\"https:\/\/machinery.servo.systems\/index.php\/cfv-1100\/\" data-type=\"page\" data-id=\"230\">CFV 1100<\/a><\/h3>\n\n\n\n<p class=\"has-text-align-left\"><strong>RPM:<\/strong> 12 000 rpm<br><strong>Potencia:<\/strong> 15hp<br><strong>Recorridos:<\/strong> X: 1000 mm Y: 540 mm Z: 520 mm<br><strong>Carga sobre la mesa:<\/strong> 1200 kgm<br><strong>Peso m\u00e1x. herramienta:<\/strong> 7 Kg<\/p>\n<\/div>\n<\/div>\n\n\n\n<figure class=\"wp-block-image size-full is-resized\"><img loading=\"lazy\" decoding=\"async\" width=\"650\" height=\"650\" src=\"http:\/\/machinery.servo.systems\/wp-content\/uploads\/2024\/12\/CFV1100-po1e4ywbn25p94aa54zu89j5o669qi8i467up9mhno.png\" alt=\"\" class=\"wp-image-229\" style=\"width:244px;height:auto\" srcset=\"https:\/\/machinery.servo.systems\/wp-content\/uploads\/2024\/12\/CFV1100-po1e4ywbn25p94aa54zu89j5o669qi8i467up9mhno.png 650w, https:\/\/machinery.servo.systems\/wp-content\/uploads\/2024\/12\/CFV1100-po1e4ywbn25p94aa54zu89j5o669qi8i467up9mhno-300x300.png 300w, https:\/\/machinery.servo.systems\/wp-content\/uploads\/2024\/12\/CFV1100-po1e4ywbn25p94aa54zu89j5o669qi8i467up9mhno-100x100.png 100w, https:\/\/machinery.servo.systems\/wp-content\/uploads\/2024\/12\/CFV1100-po1e4ywbn25p94aa54zu89j5o669qi8i467up9mhno-600x600.png 600w, https:\/\/machinery.servo.systems\/wp-content\/uploads\/2024\/12\/CFV1100-po1e4ywbn25p94aa54zu89j5o669qi8i467up9mhno-150x150.png 150w\" sizes=\"(max-width: 650px) 100vw, 650px\" \/><\/figure>\n<\/div>\n\n\n\n<div class=\"wp-block-group is-nowrap is-layout-flex wp-container-core-group-is-layout-6c531013 wp-block-group-is-layout-flex\">\n<div class=\"wp-block-columns is-layout-flex wp-container-core-columns-is-layout-28f84493 wp-block-columns-is-layout-flex\">\n<div class=\"wp-block-column is-layout-flow wp-block-column-is-layout-flow\">\n<h3 class=\"wp-block-heading has-text-align-left\"><a href=\"https:\/\/machinery.servo.systems\/index.php\/vmc-1000-ii\/\" data-type=\"page\" data-id=\"245\">VMC 1000 II<\/a><\/h3>\n\n\n\n<p class=\"has-text-align-left\"><strong>RPM:<\/strong>  8 000 rpm<br><strong>Potencia:<\/strong> 15hp<br><strong>Recorridos:<\/strong> X: 1000 mm Y: 600 mm Z: 600 mm<br><strong>Carga sobre la mesa:<\/strong> 800 kgm<br><strong>Peso m\u00e1x. herramienta:<\/strong> 7 Kg<\/p>\n<\/div>\n<\/div>\n\n\n\n<figure class=\"wp-block-image size-full is-resized\"><img loading=\"lazy\" decoding=\"async\" width=\"650\" height=\"650\" src=\"http:\/\/machinery.servo.systems\/wp-content\/uploads\/2024\/12\/VMCw-1300II-po1e7ebbanhd8urayos565h0x07emcvjg6w0c00vl0.png\" alt=\"\" class=\"wp-image-169\" style=\"width:244px;height:auto\" srcset=\"https:\/\/machinery.servo.systems\/wp-content\/uploads\/2024\/12\/VMCw-1300II-po1e7ebbanhd8urayos565h0x07emcvjg6w0c00vl0.png 650w, https:\/\/machinery.servo.systems\/wp-content\/uploads\/2024\/12\/VMCw-1300II-po1e7ebbanhd8urayos565h0x07emcvjg6w0c00vl0-300x300.png 300w, https:\/\/machinery.servo.systems\/wp-content\/uploads\/2024\/12\/VMCw-1300II-po1e7ebbanhd8urayos565h0x07emcvjg6w0c00vl0-100x100.png 100w, https:\/\/machinery.servo.systems\/wp-content\/uploads\/2024\/12\/VMCw-1300II-po1e7ebbanhd8urayos565h0x07emcvjg6w0c00vl0-600x600.png 600w, https:\/\/machinery.servo.systems\/wp-content\/uploads\/2024\/12\/VMCw-1300II-po1e7ebbanhd8urayos565h0x07emcvjg6w0c00vl0-150x150.png 150w\" sizes=\"(max-width: 650px) 100vw, 650px\" \/><\/figure>\n<\/div>\n\n\n\n<div class=\"wp-block-columns is-layout-flex wp-container-core-columns-is-layout-28f84493 wp-block-columns-is-layout-flex\">\n<div class=\"wp-block-column is-layout-flow wp-block-column-is-layout-flow\"><\/div>\n<\/div>\n<\/div>\n\n\n\n<hr class=\"wp-block-separator has-alpha-channel-opacity\"\/>\n\n\n\n<p class=\"has-text-align-right\"><a href=\"https:\/\/machinery.servo.systems\" data-type=\"link\" data-id=\"https:\/\/machinery.servo.systems\">Volver al inicio<\/a><\/p>\n\n\n\n<div class=\"wp-block-columns is-layout-flex wp-container-core-columns-is-layout-28f84493 wp-block-columns-is-layout-flex\">\n<div class=\"wp-block-column is-layout-flow wp-block-column-is-layout-flow\"><\/div>\n<\/div>\n","protected":false},"excerpt":{"rendered":"<p>Tecnolog\u00eda de precisi\u00f3n que transforma tu Lleva tu operaci\u00f3n al siguiente nivel con nuestra \u00faltima generaci\u00f3n de Centros de Maquinado Verticales CNC. Equipados con la tecnolog\u00eda m\u00e1s avanzada de Control Num\u00e9rico Computarizado, nuestras m\u00e1quinas est\u00e1n dise\u00f1adas para ofrecer&nbsp;potencia, precisi\u00f3n y rendimiento sin igual. Descubre nuestro&nbsp;amplio cat\u00e1logo&nbsp;y encuentra el modelo perfecto para las necesidades de tu [&hellip;]<\/p>\n","protected":false},"author":1,"featured_media":0,"parent":0,"menu_order":0,"comment_status":"closed","ping_status":"closed","template":"","meta":{"_acf_changed":false,"_joinchat":[],"footnotes":""},"class_list":["post-162","page","type-page","status-publish","hentry"],"acf":[],"_links":{"self":[{"href":"https:\/\/machinery.servo.systems\/index.php\/wp-json\/wp\/v2\/pages\/162","targetHints":{"allow":["GET"]}}],"collection":[{"href":"https:\/\/machinery.servo.systems\/index.php\/wp-json\/wp\/v2\/pages"}],"about":[{"href":"https:\/\/machinery.servo.systems\/index.php\/wp-json\/wp\/v2\/types\/page"}],"author":[{"embeddable":true,"href":"https:\/\/machinery.servo.systems\/index.php\/wp-json\/wp\/v2\/users\/1"}],"replies":[{"embeddable":true,"href":"https:\/\/machinery.servo.systems\/index.php\/wp-json\/wp\/v2\/comments?post=162"}],"version-history":[{"count":33,"href":"https:\/\/machinery.servo.systems\/index.php\/wp-json\/wp\/v2\/pages\/162\/revisions"}],"predecessor-version":[{"id":837,"href":"https:\/\/machinery.servo.systems\/index.php\/wp-json\/wp\/v2\/pages\/162\/revisions\/837"}],"wp:attachment":[{"href":"https:\/\/machinery.servo.systems\/index.php\/wp-json\/wp\/v2\/media?parent=162"}],"curies":[{"name":"wp","href":"https:\/\/api.w.org\/{rel}","templated":true}]}}