{"id":230,"date":"2024-12-21T05:27:36","date_gmt":"2024-12-21T05:27:36","guid":{"rendered":"https:\/\/machinery.servo.systems\/?page_id=230"},"modified":"2024-12-21T07:21:37","modified_gmt":"2024-12-21T07:21:37","slug":"cfv-1100","status":"publish","type":"page","link":"https:\/\/machinery.servo.systems\/index.php\/cfv-1100\/","title":{"rendered":"CFV 1100"},"content":{"rendered":"\n<figure class=\"wp-block-image size-full\"><img fetchpriority=\"high\" decoding=\"async\" width=\"650\" height=\"650\" src=\"http:\/\/machinery.servo.systems\/wp-content\/uploads\/2024\/12\/CFV1100-po1e4ywbn25p94aa54zu89j5o669qi8i467up9mhno.png\" alt=\"\" class=\"wp-image-229\" srcset=\"https:\/\/machinery.servo.systems\/wp-content\/uploads\/2024\/12\/CFV1100-po1e4ywbn25p94aa54zu89j5o669qi8i467up9mhno.png 650w, https:\/\/machinery.servo.systems\/wp-content\/uploads\/2024\/12\/CFV1100-po1e4ywbn25p94aa54zu89j5o669qi8i467up9mhno-300x300.png 300w, https:\/\/machinery.servo.systems\/wp-content\/uploads\/2024\/12\/CFV1100-po1e4ywbn25p94aa54zu89j5o669qi8i467up9mhno-100x100.png 100w, https:\/\/machinery.servo.systems\/wp-content\/uploads\/2024\/12\/CFV1100-po1e4ywbn25p94aa54zu89j5o669qi8i467up9mhno-600x600.png 600w, https:\/\/machinery.servo.systems\/wp-content\/uploads\/2024\/12\/CFV1100-po1e4ywbn25p94aa54zu89j5o669qi8i467up9mhno-150x150.png 150w\" sizes=\"(max-width: 650px) 100vw, 650px\" \/><\/figure>\n\n\n\n<p><strong>RPM:<\/strong> 12 000 rpm<br><strong>Potencia:<\/strong> 15hp<br><strong>Recorridos:<\/strong> X: 1000 mm Y: 540 mm Z: 520 mm<br><strong>Carga sobre la mesa:<\/strong> 1200 kgm<br><strong>Peso m\u00e1x. herramienta:<\/strong> 7 Kg<\/p>\n\n\n\n<p><em>*Equipo de serie. Consulte aditamentos opcionales.<\/em><\/p>\n\n\n\n<h4 class=\"wp-block-heading has-text-align-center\"><strong>\u00a1Equipa tu negocio hoy mismo!<\/strong><br>Aprovecha nuestra oferta exclusiva:&nbsp;<strong>ll\u00e9vatela con solo el 15% de enganche y paga en 24 meses sin intereses<\/strong>. \u00a1No dejes pasar esta oportunidad de llevar tu producci\u00f3n al siguiente nivel!<\/h4>\n\n\n\n<p class=\"has-text-align-center\">\ud83d\udcf2&nbsp;<strong>\u00a1Escanea ahora y obt\u00e9n un descuento exclusivo!<\/strong>&nbsp;\ud83c\udf89<br><br><\/p>\n\n\n\n<div class=\"wp-block-joinchat-button joinchat-button--qr-both has-border-color\" style=\"border-color:#25d366;border-style:solid;border-width:6px;border-radius:30px\"><figure><figcaption>Escanea el c\u00f3digo<\/figcaption><a class=\"joinchat-button__qr has-border-color\" style=\"border-color:#25d366;border-style:solid;border-width:6px;border-radius:30px\" href=\"#whatsapp\"><\/a><\/figure><a class=\"wp-block-button__link joinchat-button__link has-ffffff-color has-text-color has-background has-border-color\" style=\"border-color:#25d366;border-style:solid;border-width:6px;border-radius:30px;background-color:#25d366\" href=\"#whatsapp\"><span><strong>Open Chat<\/strong><\/span><\/a><\/div>\n\n\n\n<p>Env\u00edanos tus datos y descarga tu cotizaci\u00f3n al instante.<\/p>\n\n\n\n<ul class=\"wp-block-list\">\n<li>24 meses sin intereses.<\/li>\n\n\n\n<li>Desde 15% de enganche.<\/li>\n\n\n\n<li>3 meses de gracia para empezar a pagar.<\/li>\n\n\n\n<li>Financiamiento directo de f\u00e1brica.<\/li>\n\n\n\n<li>Recibe tu aprobaci\u00f3n de cr\u00e9dito en 48 horas.<\/li>\n<\/ul>\n\n\n\n<details class=\"wp-block-details is-layout-flow wp-block-details-is-layout-flow\"><summary><strong>Entrega r\u00e1pida y financiamiento flexible <\/strong><\/summary>\n<p>\u2013 \ud83d\udcb0&nbsp;<strong>Financiamiento<\/strong> <strong>a tu medid<\/strong>a:<br><strong>&#8211; Anticipo desde el&nbsp;15%<br><\/strong>\u2013&nbsp;<strong>24 meses sin intereses<\/strong>&nbsp;\ud83d\udee0\ufe0f<br>\u2013 \u00a1Disfruta de&nbsp;<strong>hasta 3 meses de gracia<\/strong>&nbsp;antes de comenzar a pagar, contados desde el embarque de tu m\u00e1quina! \ud83d\ude9b<br><br>\ud83d\udccc&nbsp;<strong>Condiciones de env\u00edo:<\/strong><br>El precio incluye:<br>\ud83d\ude9a&nbsp;<strong>Transporte<\/strong>&nbsp;hasta la planta del cliente<br>\u2699\ufe0f&nbsp;<strong>Instalaci\u00f3n y puesta en marcha<\/strong><br>\ud83d\udc68\u200d\ud83c\udfeb&nbsp;<strong>Capacitaci\u00f3n en sitio<\/strong><\/p>\n\n\n\n<p>\ud83d\udd17&nbsp;<strong>Nota importante:<\/strong>&nbsp;Las maniobras de descarga y ubicaci\u00f3n de la m\u00e1quina son responsabilidad del cliente.<br><\/p>\n\n\n\n<p>\u23f0 <strong>Tu equipo, listo en tiempo r\u00e9cord:<\/strong>&nbsp;<br><strong>Entrega:<\/strong>&nbsp;30-45 d\u00edas (o 5 d\u00edas si est\u00e1 en stock)<br><strong>Empaque:<\/strong>&nbsp;Estiba de madera para un transporte seguro. \ud83e\udeb5<br><strong>Garant\u00eda:<\/strong>&nbsp;\u00a1Conf\u00eda en nuestra calidad! 2 a\u00f1os en partes mec\u00e1nicas y 3 a\u00f1os en control CNC.<\/p>\n<\/details>\n\n\n<div class=\"wpforms-container wpforms-container-full wpforms-block wpforms-block-f1c63605-d368-437c-8e90-26962bfe8de2 wpforms-render-modern\" id=\"wpforms-76\"><form id=\"wpforms-form-76\" class=\"wpforms-validate wpforms-form wpforms-ajax-form\" data-formid=\"76\" method=\"post\" enctype=\"multipart\/form-data\" action=\"\/index.php\/wp-json\/wp\/v2\/pages\/230\" data-token=\"e688f4e74a5c593c2ffa4ac85361d937\" data-token-time=\"1778984770\"><noscript class=\"wpforms-error-noscript\">Por favor, activa JavaScript en tu navegador para completar este formulario.<\/noscript><div class=\"wpforms-hidden\" id=\"wpforms-error-noscript\">Por favor, activa JavaScript en tu navegador para completar este formulario.<\/div><div class=\"wpforms-field-container\"><div id=\"wpforms-76-field_1-container\" class=\"wpforms-field wpforms-field-name\" data-field-id=\"1\"><fieldset><legend class=\"wpforms-field-label\">Nombre <span class=\"wpforms-required-label\" aria-hidden=\"true\">*<\/span><\/legend><div class=\"wpforms-field-row wpforms-field-medium\"><div class=\"wpforms-field-row-block wpforms-first wpforms-one-half\"><input type=\"text\" id=\"wpforms-76-field_1\" class=\"wpforms-field-name-first wpforms-field-required\" name=\"wpforms[fields][1][first]\" aria-errormessage=\"wpforms-76-field_1-error\" required><label for=\"wpforms-76-field_1\" class=\"wpforms-field-sublabel after\">Nombre<\/label><\/div><div class=\"wpforms-field-row-block wpforms-one-half\"><input type=\"text\" id=\"wpforms-76-field_1-last\" class=\"wpforms-field-name-last wpforms-field-required\" name=\"wpforms[fields][1][last]\" aria-errormessage=\"wpforms-76-field_1-last-error\" required><label for=\"wpforms-76-field_1-last\" class=\"wpforms-field-sublabel after\">Apellidos<\/label><\/div><\/div><\/fieldset><\/div><div id=\"wpforms-76-field_5-container\" class=\"wpforms-field wpforms-field-email\" data-field-id=\"5\"><label class=\"wpforms-field-label\" for=\"wpforms-76-field_5\">Correo electr\u00f3nico <span class=\"wpforms-required-label\" aria-hidden=\"true\">*<\/span><\/label><input type=\"email\" id=\"wpforms-76-field_5\" class=\"wpforms-field-medium wpforms-field-required\" name=\"wpforms[fields][5]\" spellcheck=\"false\" aria-errormessage=\"wpforms-76-field_5-error\" required><\/div><div id=\"wpforms-76-field_3-container\" class=\"wpforms-field wpforms-field-textarea\" data-field-id=\"3\"><label class=\"wpforms-field-label\" for=\"wpforms-76-field_3\">\u00bfQu\u00e9 producto o servicio te interesa?<\/label><textarea id=\"wpforms-76-field_3\" class=\"wpforms-field-medium\" name=\"wpforms[fields][3]\" aria-errormessage=\"wpforms-76-field_3-error\" ><\/textarea><\/div><\/div><!-- .wpforms-field-container --><div class=\"wpforms-submit-container\" ><input type=\"hidden\" name=\"wpforms[id]\" value=\"76\"><input type=\"hidden\" name=\"page_title\" value=\"\"><input type=\"hidden\" name=\"page_url\" value=\"https:\/\/machinery.servo.systems\/index.php\/wp-json\/wp\/v2\/pages\/230\"><input type=\"hidden\" name=\"url_referer\" value=\"\"><button type=\"submit\" name=\"wpforms[submit]\" id=\"wpforms-submit-76\" class=\"wpforms-submit\" data-alt-text=\"Sending...\" data-submit-text=\"Cotizar\" aria-live=\"assertive\" value=\"wpforms-submit\">Cotizar<\/button><img decoding=\"async\" src=\"https:\/\/machinery.servo.systems\/wp-content\/plugins\/wpforms-lite\/assets\/images\/submit-spin.svg\" class=\"wpforms-submit-spinner\" style=\"display: none;\" width=\"26\" height=\"26\" alt=\"Cargando\"><\/div><\/form><\/div>  <!-- .wpforms-container -->\n\n\n<h4 class=\"wp-block-heading has-text-align-center\"><strong>CONFIGURACI\u00d3N EST\u00c1NDAR<\/strong><br><strong>\u00a1Incluida sin costo adicional!<\/strong><\/h4>\n\n\n\n<p><strong>Caracter\u00edsticas T\u00e9cnicas<\/strong><\/p>\n\n\n\n<hr class=\"wp-block-separator has-alpha-channel-opacity\"\/>\n\n\n\n<h4 class=\"wp-block-heading has-text-align-right\"><strong>Recorrido<\/strong><\/h4>\n\n\n\n<figure class=\"wp-block-table\"><table class=\"has-fixed-layout\"><tbody><tr><td><strong>Eje X<\/strong><\/td><td>1100 mm<\/td><\/tr><tr><td><strong>Eje Y<\/strong><\/td><td>540 mm<\/td><\/tr><tr><td><strong>Distancia de la mesa al husillo<\/strong><\/td><td>150 \u2013 670 mm<\/td><\/tr><\/tbody><\/table><\/figure>\n\n\n\n<h4 class=\"wp-block-heading has-text-align-right\"><strong>Husillo<\/strong><\/h4>\n\n\n\n<figure class=\"wp-block-table\"><table class=\"has-fixed-layout\"><tbody><tr><td><strong><strong>Potencia Motor<\/strong><\/strong><\/td><td>15 hp<\/td><\/tr><tr><td><strong><strong>Velocidad Est\u00e1ndar<\/strong><\/strong><\/td><td>12 000 rpm<\/td><\/tr><tr><td><strong>Transmisi\u00f3n<\/strong><\/td><td>Electrohusillo<\/td><\/tr><tr><td><strong>Torque m\u00e1ximo<\/strong><\/td><td>105 Nm<\/td><\/tr><tr><td><strong>Lubricaci\u00f3n<\/strong><\/td><td>Autom\u00e1tica Grasa<\/td><\/tr><tr><td><strong>Tama\u00f1o del Husillo<\/strong><\/td><td>CT40<\/td><\/tr><\/tbody><\/table><\/figure>\n\n\n\n<h4 class=\"wp-block-heading has-text-align-right\"><strong>Mesa<\/strong><\/h4>\n\n\n\n<figure class=\"wp-block-table\"><table class=\"has-fixed-layout\"><tbody><tr><td><strong><strong>Ancho<\/strong><\/strong><\/td><td>1300 mm<\/td><\/tr><tr><td><strong><strong>Largo<\/strong><\/strong><\/td><td>550 mm<\/td><\/tr><tr><td><strong>Ranuras T<\/strong><\/td><td>5 x 18T<\/td><\/tr><tr><td><strong>Carga M\u00e1xima<\/strong><\/td><td>1200 kgm<\/td><\/tr><\/tbody><\/table><\/figure>\n\n\n\n<h4 class=\"wp-block-heading has-text-align-right\"><strong>Movimientos<\/strong><\/h4>\n\n\n\n<figure class=\"wp-block-table\"><table class=\"has-fixed-layout\"><tbody><tr><td><strong><strong>Tipo de Guias<\/strong><\/strong><\/td><td>Gu\u00edas lineales de Esferas<\/td><\/tr><tr><td><strong><strong>R\u00e1pidos en X<\/strong><\/strong><\/td><td>36 m\/min<\/td><\/tr><tr><td><strong>R\u00e1pidos en Y<\/strong><\/td><td>36 m\/min<\/td><\/tr><tr><td><strong>R\u00e1pidos en Z<\/strong><\/td><td>36 m\/min<\/td><\/tr><tr><td><strong>Avance M\u00e1ximo de Corte<\/strong><\/td><td>20 m\/min<\/td><\/tr><\/tbody><\/table><\/figure>\n\n\n\n<h4 class=\"wp-block-heading has-text-align-right\"><strong>Cambiador de herramientas<\/strong><\/h4>\n\n\n\n<figure class=\"wp-block-table\"><table class=\"has-fixed-layout\"><tbody><tr><td><strong><strong>Tipo de Cambiador<\/strong><\/strong><\/td><td>Doble Brazo-Servo<\/td><\/tr><tr><td><strong>N\u00b0 de herramientas<\/strong><\/td><td>24<\/td><\/tr><tr><td><strong>Di\u00e1metro m\u00e1ximo de hta.<\/strong><\/td><td>125 mm<\/td><\/tr><tr><td><strong>Peso m\u00e1ximo de hta.<\/strong><\/td><td>7 kg<\/td><\/tr><tr><td><strong>Tiempo de cambio (T a T)<\/strong><\/td><td>1.5 s<\/td><\/tr><\/tbody><\/table><\/figure>\n\n\n\n<h4 class=\"wp-block-heading has-text-align-right\"><strong>Control<\/strong><\/h4>\n\n\n\n<figure class=\"wp-block-table\"><table class=\"has-fixed-layout\"><tbody><tr><td><strong><strong>Control CNC:<\/strong><\/strong><\/td><td>Mitsubishi M80<\/td><\/tr><tr><td><strong>Memoria interna de programa:<\/strong><\/td><td>64 GB<\/td><\/tr><tr><td><strong>Velocidad de procesamiento:<\/strong><\/td><td>135,000 bloques*min.<\/td><\/tr><tr><td><strong>Look aHead<\/strong><\/td><td>1,350 bloques Garant\u00eda de 3 a\u00f1os<\/td><\/tr><tr><td><strong>Programaci\u00f3n conversacional<\/strong><\/td><td>Navi Mill<\/td><\/tr><tr><td><strong>Rotaci\u00f3n y escalado<\/strong><\/td><td>Est\u00e1ndar<\/td><\/tr><tr><td><strong>Macros<\/strong><\/td><td>Est\u00e1ndar<\/td><\/tr><tr><td><strong>Conectividad<\/strong><\/td><td>Ethernet \/ USB \/ SD Card<\/td><\/tr><tr><td><strong>Mecanizado de alta velocidad<\/strong><\/td><td>Super Smooth Surface<\/td><\/tr><tr><td><strong>Funciones M<\/strong><\/td><td>10 funciones<\/td><\/tr><tr><td><strong>Manivela Remota<\/strong><\/td><td>Incluida<\/td><\/tr><\/tbody><\/table><\/figure>\n\n\n\n<p class=\"has-text-align-right\"><a href=\"https:\/\/machinery.servo.systems\/index.php\/producto\/\" data-type=\"page\" data-id=\"162\"><strong>Ver otros modelos<\/strong><\/a><\/p>\n","protected":false},"excerpt":{"rendered":"<p>RPM: 12 000 rpmPotencia: 15hpRecorridos: X: 1000 mm Y: 540 mm Z: 520 mmCarga sobre la mesa: 1200 kgmPeso m\u00e1x. herramienta: 7 Kg *Equipo de serie. Consulte aditamentos opcionales. \u00a1Equipa tu negocio hoy mismo!Aprovecha nuestra oferta exclusiva:&nbsp;ll\u00e9vatela con solo el 15% de enganche y paga en 24 meses sin intereses. \u00a1No dejes pasar esta oportunidad [&hellip;]<\/p>\n","protected":false},"author":1,"featured_media":0,"parent":0,"menu_order":0,"comment_status":"closed","ping_status":"closed","template":"","meta":{"_acf_changed":false,"_joinchat":[],"footnotes":""},"class_list":["post-230","page","type-page","status-publish","hentry"],"acf":[],"_links":{"self":[{"href":"https:\/\/machinery.servo.systems\/index.php\/wp-json\/wp\/v2\/pages\/230","targetHints":{"allow":["GET"]}}],"collection":[{"href":"https:\/\/machinery.servo.systems\/index.php\/wp-json\/wp\/v2\/pages"}],"about":[{"href":"https:\/\/machinery.servo.systems\/index.php\/wp-json\/wp\/v2\/types\/page"}],"author":[{"embeddable":true,"href":"https:\/\/machinery.servo.systems\/index.php\/wp-json\/wp\/v2\/users\/1"}],"replies":[{"embeddable":true,"href":"https:\/\/machinery.servo.systems\/index.php\/wp-json\/wp\/v2\/comments?post=230"}],"version-history":[{"count":9,"href":"https:\/\/machinery.servo.systems\/index.php\/wp-json\/wp\/v2\/pages\/230\/revisions"}],"predecessor-version":[{"id":343,"href":"https:\/\/machinery.servo.systems\/index.php\/wp-json\/wp\/v2\/pages\/230\/revisions\/343"}],"wp:attachment":[{"href":"https:\/\/machinery.servo.systems\/index.php\/wp-json\/wp\/v2\/media?parent=230"}],"curies":[{"name":"wp","href":"https:\/\/api.w.org\/{rel}","templated":true}]}}