{"id":354,"date":"2024-12-21T07:54:36","date_gmt":"2024-12-21T07:54:36","guid":{"rendered":"https:\/\/machinery.servo.systems\/?page_id=354"},"modified":"2025-01-05T04:57:01","modified_gmt":"2025-01-05T04:57:01","slug":"tornoscncs","status":"publish","type":"page","link":"https:\/\/machinery.servo.systems\/index.php\/tornoscncs\/","title":{"rendered":"TORNOS CNC"},"content":{"rendered":"\n<p><strong>Potencia tu producci\u00f3n con Tornos CNC<\/strong><\/p>\n\n\n\n<p>Acelera tus procesos y mejora la calidad de tus piezas con nuestros Tornos CNC de \u00faltima generaci\u00f3n. Dise\u00f1ados para optimizar tu producci\u00f3n y reducir costos, son la inversi\u00f3n perfecta para tu negocio.<\/p>\n\n\n\n<p><strong>\u00bfPor qu\u00e9 elegirnos?<\/strong><\/p>\n\n\n\n<ul class=\"wp-block-list\">\n<li><strong>M\u00e1xima precisi\u00f3n:<\/strong>&nbsp;Tolerancias ajustadas y acabados superficiales de alta calidad.<\/li>\n\n\n\n<li><strong>Versatilidad:<\/strong>&nbsp;Amplio rango de aplicaciones para diversos materiales y geometr\u00edas. <\/li>\n\n\n\n<li><strong>Productividad:<\/strong>&nbsp;Aumenta tu producci\u00f3n y reduce los tiempos de ciclo.<\/li>\n\n\n\n<li><strong>Innovaci\u00f3n:<\/strong>&nbsp;Tecnolog\u00eda CNC de vanguardia para un rendimiento superior.<\/li>\n\n\n\n<li><strong>Financiamiento directo:<\/strong>&nbsp;Adquiere el torno CNC que necesitas con planes de pago flexibles.<\/li>\n<\/ul>\n\n\n\n<hr class=\"wp-block-separator has-alpha-channel-opacity\"\/>\n\n\n\n<div class=\"wp-block-group has-global-padding is-layout-constrained wp-block-group-is-layout-constrained\">\n<div class=\"wp-block-columns is-layout-flex wp-container-core-columns-is-layout-28f84493 wp-block-columns-is-layout-flex\">\n<div class=\"wp-block-column is-layout-flow wp-block-column-is-layout-flow\" style=\"flex-basis:100%\">\n<div class=\"wp-block-columns is-layout-flex wp-container-core-columns-is-layout-28f84493 wp-block-columns-is-layout-flex\">\n<div class=\"wp-block-column is-layout-flow wp-block-column-is-layout-flow\" style=\"flex-basis:100%\">\n<figure data-wp-context=\"{&quot;imageId&quot;:&quot;6a0747e56c448&quot;}\" data-wp-interactive=\"core\/image\" data-wp-key=\"6a0747e56c448\" class=\"wp-block-image aligncenter size-full ticss-2a04305f is-style-rounded wp-lightbox-container\"><img fetchpriority=\"high\" decoding=\"async\" width=\"542\" height=\"233\" data-wp-class--hide=\"state.isContentHidden\" data-wp-class--show=\"state.isContentVisible\" data-wp-init=\"callbacks.setButtonStyles\" data-wp-on--click=\"actions.showLightbox\" data-wp-on--load=\"callbacks.setButtonStyles\" data-wp-on-window--resize=\"callbacks.setButtonStyles\" src=\"http:\/\/machinery.servo.systems\/wp-content\/uploads\/2024\/12\/TC35AX1500-1-po1ef98qfs8obhcc2l2uio2rpzgvz92qv395saddk4-1-1.png\" alt=\"\" class=\"wp-image-1050\" style=\"object-fit:cover\" srcset=\"https:\/\/machinery.servo.systems\/wp-content\/uploads\/2024\/12\/TC35AX1500-1-po1ef98qfs8obhcc2l2uio2rpzgvz92qv395saddk4-1-1.png 542w, https:\/\/machinery.servo.systems\/wp-content\/uploads\/2024\/12\/TC35AX1500-1-po1ef98qfs8obhcc2l2uio2rpzgvz92qv395saddk4-1-1-300x129.png 300w\" sizes=\"(max-width: 542px) 100vw, 542px\" \/><button\n\t\t\tclass=\"lightbox-trigger\"\n\t\t\ttype=\"button\"\n\t\t\taria-haspopup=\"dialog\"\n\t\t\taria-label=\"Agrandar\"\n\t\t\tdata-wp-init=\"callbacks.initTriggerButton\"\n\t\t\tdata-wp-on--click=\"actions.showLightbox\"\n\t\t\tdata-wp-style--right=\"state.imageButtonRight\"\n\t\t\tdata-wp-style--top=\"state.imageButtonTop\"\n\t\t>\n\t\t\t<svg xmlns=\"http:\/\/www.w3.org\/2000\/svg\" width=\"12\" height=\"12\" fill=\"none\" viewBox=\"0 0 12 12\">\n\t\t\t\t<path fill=\"#fff\" d=\"M2 0a2 2 0 0 0-2 2v2h1.5V2a.5.5 0 0 1 .5-.5h2V0H2Zm2 10.5H2a.5.5 0 0 1-.5-.5V8H0v2a2 2 0 0 0 2 2h2v-1.5ZM8 12v-1.5h2a.5.5 0 0 0 .5-.5V8H12v2a2 2 0 0 1-2 2H8Zm2-12a2 2 0 0 1 2 2v2h-1.5V2a.5.5 0 0 0-.5-.5H8V0h2Z\" \/>\n\t\t\t<\/svg>\n\t\t<\/button><\/figure>\n\n\n\n<div class=\"wp-block-group is-content-justification-center is-layout-flex wp-container-core-group-is-layout-b02886af wp-block-group-is-layout-flex\">\n<div class=\"wp-block-columns are-vertically-aligned-center full-width-split__right is-layout-flex wp-container-core-columns-is-layout-28f84493 wp-block-columns-is-layout-flex\">\n<div class=\"wp-block-column is-vertically-aligned-center is-layout-flow wp-block-column-is-layout-flow\">\n<h4 class=\"wp-block-heading has-text-align-left has-large-font-size\"><a href=\"https:\/\/machinery.servo.systems\/index.php\/tc-35ax1500\/\" data-type=\"page\" data-id=\"818\">TC 35Ax1500<\/a><\/h4>\n\n\n\n<p class=\"has-text-align-left\"><strong>Velocidad del husillo : <\/strong>2 500 rpm<br><strong>Potencia del husillo : <\/strong>25 HP<br><strong>Chuck :<\/strong> Hidr\u00e1ulico de 3 mordazas<br><strong>Di\u00e1metro m\u00e1ximo del torneado :<\/strong> \u00d8630 mm<br><strong>Longitud m\u00e1xima de torneado : <\/strong>1500 mm<\/p>\n<\/div>\n<\/div>\n<\/div>\n\n\n\n<figure class=\"wp-block-image aligncenter size-full\"><img decoding=\"async\" width=\"623\" height=\"318\" src=\"http:\/\/machinery.servo.systems\/wp-content\/uploads\/2024\/12\/01_TC30IIx500-pi6s082jliy9j76qtl0sdg5gtx87k5vmdpwinnb7xg-1.png\" alt=\"\" class=\"wp-image-1057\" style=\"object-fit:cover\" srcset=\"https:\/\/machinery.servo.systems\/wp-content\/uploads\/2024\/12\/01_TC30IIx500-pi6s082jliy9j76qtl0sdg5gtx87k5vmdpwinnb7xg-1.png 623w, https:\/\/machinery.servo.systems\/wp-content\/uploads\/2024\/12\/01_TC30IIx500-pi6s082jliy9j76qtl0sdg5gtx87k5vmdpwinnb7xg-1-300x153.png 300w\" sizes=\"(max-width: 623px) 100vw, 623px\" \/><\/figure>\n\n\n\n<div class=\"wp-block-group is-content-justification-center is-nowrap is-layout-flex wp-container-core-group-is-layout-23441af8 wp-block-group-is-layout-flex\">\n<div class=\"wp-block-columns is-layout-flex wp-container-core-columns-is-layout-28f84493 wp-block-columns-is-layout-flex\">\n<div class=\"wp-block-column is-layout-flow wp-block-column-is-layout-flow\">\n<h3 class=\"wp-block-heading has-text-align-left has-large-font-size\"><a href=\"https:\/\/machinery.servo.systems\/index.php\/tc-35ax1500\/\" data-type=\"page\" data-id=\"364\">TC 35Ax1500<\/a><\/h3>\n\n\n\n<p class=\"has-text-align-left\"><strong>Velocidad del husillo :<\/strong> 3 500 rpm<br><strong>Potencia del husillo :<\/strong> 25 HP<br><strong>Chuck : <\/strong>Hidr\u00e1ulico de 3 mordazas<br><strong>Di\u00e1metro m\u00e1ximo del torneado :<\/strong> \u00d8500 mm<br><strong>Longitud m\u00e1xima de torneado :<\/strong> 1500 mm<\/p>\n<\/div>\n<\/div>\n<\/div>\n\n\n\n<figure class=\"wp-block-image aligncenter size-full\"><img decoding=\"async\" width=\"525\" height=\"267\" src=\"http:\/\/machinery.servo.systems\/wp-content\/uploads\/2024\/12\/TC-30IIx1000_2-1.png\" alt=\"\" class=\"wp-image-1068\" style=\"object-fit:cover\" srcset=\"https:\/\/machinery.servo.systems\/wp-content\/uploads\/2024\/12\/TC-30IIx1000_2-1.png 525w, https:\/\/machinery.servo.systems\/wp-content\/uploads\/2024\/12\/TC-30IIx1000_2-1-300x153.png 300w\" sizes=\"(max-width: 525px) 100vw, 525px\" \/><\/figure>\n\n\n\n<div class=\"wp-block-group is-content-justification-center is-nowrap is-layout-flex wp-container-core-group-is-layout-23441af8 wp-block-group-is-layout-flex\">\n<div class=\"wp-block-columns is-layout-flex wp-container-core-columns-is-layout-28f84493 wp-block-columns-is-layout-flex\">\n<div class=\"wp-block-column is-layout-flow wp-block-column-is-layout-flow\">\n<h3 class=\"wp-block-heading has-text-align-left has-large-font-size\"><a href=\"https:\/\/machinery.servo.systems\/index.php\/tc-30iix1000\/\" data-type=\"page\" data-id=\"567\">TC 30IIx1000<\/a><\/h3>\n\n\n\n<p class=\"has-text-align-left\"><strong>Velocidad del husillo :<\/strong> 3 500 rpm<br><strong>Potencia del husillo : <\/strong>25 HP<br><strong>Chuck :<\/strong> Hidr\u00e1ulico de 3 mordazas<br><strong>Di\u00e1metro m\u00e1ximo del torneado :<\/strong> \u00d8500 mm<br><strong>Longitud m\u00e1xima de torneado :<\/strong> 1000 mm<\/p>\n<\/div>\n<\/div>\n<\/div>\n<\/div>\n<\/div>\n<\/div>\n<\/div>\n\n\n\n<div class=\"wp-block-group has-global-padding is-layout-constrained wp-block-group-is-layout-constrained\">\n<div class=\"wp-block-columns is-layout-flex wp-container-core-columns-is-layout-28f84493 wp-block-columns-is-layout-flex\">\n<div class=\"wp-block-column is-layout-flow wp-block-column-is-layout-flow\" style=\"flex-basis:100%\">\n<div class=\"wp-block-columns is-layout-flex wp-container-core-columns-is-layout-28f84493 wp-block-columns-is-layout-flex\">\n<div class=\"wp-block-column is-layout-flow wp-block-column-is-layout-flow\" style=\"flex-basis:100%\">\n<hr class=\"wp-block-separator has-alpha-channel-opacity\"\/>\n\n\n\n<figure class=\"wp-block-image aligncenter size-full\"><img loading=\"lazy\" decoding=\"async\" width=\"520\" height=\"284\" src=\"http:\/\/machinery.servo.systems\/wp-content\/uploads\/2024\/12\/TC-25IIx1000-22-1.png\" alt=\"\" class=\"wp-image-1070\" style=\"object-fit:cover\" srcset=\"https:\/\/machinery.servo.systems\/wp-content\/uploads\/2024\/12\/TC-25IIx1000-22-1.png 520w, https:\/\/machinery.servo.systems\/wp-content\/uploads\/2024\/12\/TC-25IIx1000-22-1-300x164.png 300w\" sizes=\"(max-width: 520px) 100vw, 520px\" \/><\/figure>\n\n\n\n<div class=\"wp-block-group is-content-justification-center is-nowrap is-layout-flex wp-container-core-group-is-layout-23441af8 wp-block-group-is-layout-flex\">\n<div class=\"wp-block-columns is-layout-flex wp-container-core-columns-is-layout-28f84493 wp-block-columns-is-layout-flex\">\n<div class=\"wp-block-column is-layout-flow wp-block-column-is-layout-flow\">\n<h3 class=\"wp-block-heading has-text-align-left has-large-font-size\"><a href=\"https:\/\/machinery.servo.systems\/index.php\/tc-25iix1000\/\" data-type=\"page\" data-id=\"573\">TC 25IIx1000<\/a><\/h3>\n\n\n\n<p class=\"has-text-align-left\"><strong>Velocidad del husillo :<\/strong> 4 500 rpm<br><strong>Potencia del husillo :<\/strong> 20 HP<br><strong>Chuck :<\/strong> Hidr\u00e1ulico de 3 mordazas<br><strong>Di\u00e1metro m\u00e1ximo del torneado :<\/strong> \u00d8400 mm<br><strong>Longitud m\u00e1xima de torneado : <\/strong>1000 mm<\/p>\n<\/div>\n<\/div>\n<\/div>\n\n\n\n<figure class=\"wp-block-image aligncenter size-full\"><img loading=\"lazy\" decoding=\"async\" width=\"530\" height=\"219\" src=\"http:\/\/machinery.servo.systems\/wp-content\/uploads\/2024\/12\/TC40Ax1500-2-po1ej921hfpjntjfqt8rm5salxs1oxxoev2g7mg544-1.png\" alt=\"\" class=\"wp-image-1072\" style=\"object-fit:cover\" srcset=\"https:\/\/machinery.servo.systems\/wp-content\/uploads\/2024\/12\/TC40Ax1500-2-po1ej921hfpjntjfqt8rm5salxs1oxxoev2g7mg544-1.png 530w, https:\/\/machinery.servo.systems\/wp-content\/uploads\/2024\/12\/TC40Ax1500-2-po1ej921hfpjntjfqt8rm5salxs1oxxoev2g7mg544-1-300x124.png 300w\" sizes=\"(max-width: 530px) 100vw, 530px\" \/><\/figure>\n\n\n\n<div class=\"wp-block-group is-content-justification-center is-nowrap is-layout-flex wp-container-core-group-is-layout-23441af8 wp-block-group-is-layout-flex\">\n<div class=\"wp-block-columns is-layout-flex wp-container-core-columns-is-layout-28f84493 wp-block-columns-is-layout-flex\">\n<div class=\"wp-block-column is-layout-flow wp-block-column-is-layout-flow\">\n<h3 class=\"wp-block-heading has-text-align-left has-large-font-size\"><a href=\"https:\/\/machinery.servo.systems\/index.php\/tc-40ax1500\/\" data-type=\"page\" data-id=\"740\">TC 40Ax1500<\/a><\/h3>\n\n\n\n<p class=\"has-text-align-left\"><strong>Velocidad del husillo :<\/strong> 2 000 rpm<br><strong>Potencia del husillo :<\/strong> 25 HP<br><strong>Chuck :<\/strong> Hidr\u00e1ulico de 3 mordazas<br><strong>Di\u00e1metro m\u00e1ximo del torneado :<\/strong> \u00d8800 mm<br><strong>Longitud m\u00e1xima de torneado :<\/strong> 1500 mm<\/p>\n<\/div>\n<\/div>\n<\/div>\n\n\n\n<figure class=\"wp-block-image aligncenter size-full\"><img loading=\"lazy\" decoding=\"async\" width=\"524\" height=\"221\" src=\"http:\/\/machinery.servo.systems\/wp-content\/uploads\/2024\/12\/TC40Ax2750.png\" alt=\"\" class=\"wp-image-1076\" style=\"object-fit:cover\" srcset=\"https:\/\/machinery.servo.systems\/wp-content\/uploads\/2024\/12\/TC40Ax2750.png 524w, https:\/\/machinery.servo.systems\/wp-content\/uploads\/2024\/12\/TC40Ax2750-300x127.png 300w\" sizes=\"(max-width: 524px) 100vw, 524px\" \/><\/figure>\n\n\n\n<div class=\"wp-block-group is-content-justification-center is-layout-flex wp-container-core-group-is-layout-b02886af wp-block-group-is-layout-flex\">\n<div class=\"wp-block-columns is-layout-flex wp-container-core-columns-is-layout-28f84493 wp-block-columns-is-layout-flex\">\n<div class=\"wp-block-column is-layout-flow wp-block-column-is-layout-flow\">\n<h3 class=\"wp-block-heading has-text-align-left has-large-font-size\"><a href=\"https:\/\/machinery.servo.systems\/index.php\/tc-40ax2750\/\" data-type=\"page\" data-id=\"581\">TC 40Ax2750<\/a><\/h3>\n\n\n\n<p class=\"has-text-align-left\"><strong>Velocidad del husillo : <\/strong>2 000 rpm<br><strong>Potencia del husillo :<\/strong> 25 HP<br><strong>Chuck : <\/strong>Hidr\u00e1ulico de 3 mordazas<br><strong>Di\u00e1metro m\u00e1ximo del torneado <\/strong>: \u00d8800 mm<br><strong>Longitud m\u00e1xima de torneado :<\/strong> 2750 mm<\/p>\n<\/div>\n<\/div>\n<\/div>\n<\/div>\n<\/div>\n<\/div>\n<\/div>\n<\/div>\n\n\n\n<figure class=\"wp-block-image aligncenter size-full\"><img loading=\"lazy\" decoding=\"async\" width=\"532\" height=\"214\" src=\"http:\/\/machinery.servo.systems\/wp-content\/uploads\/2024\/12\/TC35AX2000.png\" alt=\"\" class=\"wp-image-1081\" style=\"object-fit:cover\" srcset=\"https:\/\/machinery.servo.systems\/wp-content\/uploads\/2024\/12\/TC35AX2000.png 532w, https:\/\/machinery.servo.systems\/wp-content\/uploads\/2024\/12\/TC35AX2000-300x121.png 300w\" sizes=\"(max-width: 532px) 100vw, 532px\" \/><\/figure>\n\n\n\n<div class=\"wp-block-group is-content-justification-center is-nowrap is-layout-flex wp-container-core-group-is-layout-23441af8 wp-block-group-is-layout-flex\">\n<div class=\"wp-block-columns is-layout-flex wp-container-core-columns-is-layout-28f84493 wp-block-columns-is-layout-flex\">\n<div class=\"wp-block-column is-layout-flow wp-block-column-is-layout-flow\">\n<h3 class=\"wp-block-heading has-text-align-left has-large-font-size\"><a href=\"https:\/\/machinery.servo.systems\/index.php\/tc-35ax2000-2\/\" data-type=\"page\" data-id=\"767\">TC 35Ax2000<\/a><\/h3>\n\n\n\n<p class=\"has-text-align-left\"><strong>Velocidad del husillo :<\/strong> 2 500 rpm<br><strong>Potencia del husillo :<\/strong> 25 HP<br><strong>Chuck :<\/strong> Hidr\u00e1ulico de 3 mordazas<br><strong>Di\u00e1metro m\u00e1ximo del torneado :<\/strong> \u00d8630 mm<br><strong>Longitud m\u00e1xima de torneado :<\/strong> 2000 mm<\/p>\n<\/div>\n<\/div>\n<\/div>\n\n\n\n<figure class=\"wp-block-image aligncenter size-full\"><img loading=\"lazy\" decoding=\"async\" width=\"518\" height=\"237\" src=\"http:\/\/machinery.servo.systems\/wp-content\/uploads\/2024\/12\/TC-35AX1000.png\" alt=\"\" class=\"wp-image-1083\" style=\"object-fit:cover\" srcset=\"https:\/\/machinery.servo.systems\/wp-content\/uploads\/2024\/12\/TC-35AX1000.png 518w, https:\/\/machinery.servo.systems\/wp-content\/uploads\/2024\/12\/TC-35AX1000-300x137.png 300w\" sizes=\"(max-width: 518px) 100vw, 518px\" \/><\/figure>\n\n\n\n<div class=\"wp-block-group is-content-justification-center is-nowrap is-layout-flex wp-container-core-group-is-layout-23441af8 wp-block-group-is-layout-flex\">\n<div class=\"wp-block-columns is-layout-flex wp-container-core-columns-is-layout-28f84493 wp-block-columns-is-layout-flex\">\n<div class=\"wp-block-column is-vertically-aligned-bottom is-layout-flow wp-block-column-is-layout-flow\">\n<h3 class=\"wp-block-heading has-text-align-left has-large-font-size\"><a href=\"https:\/\/machinery.servo.systems\/index.php\/tc-35ax1000\/\" data-type=\"page\" data-id=\"596\">TC 35Ax1000<\/a><\/h3>\n\n\n\n<p class=\"has-text-align-left\"><strong>Velocidad del husillo : <\/strong>2 500 rpm<br><strong>Potencia del husillo :<\/strong> 25 HP<br><strong>Chuck :<\/strong> Hidr\u00e1ulico de 3 mordazas<br><strong>Di\u00e1metro m\u00e1ximo del torneado :<\/strong> \u00d8630 mm<br><strong>Longitud m\u00e1xima de torneado :<\/strong> 1000 mm<\/p>\n<\/div>\n<\/div>\n<\/div>\n\n\n\n<figure class=\"wp-block-image aligncenter size-full\"><img loading=\"lazy\" decoding=\"async\" width=\"520\" height=\"466\" src=\"http:\/\/machinery.servo.systems\/wp-content\/uploads\/2024\/12\/HTC-300IIX580.png\" alt=\"\" class=\"wp-image-1086\" style=\"object-fit:cover\" srcset=\"https:\/\/machinery.servo.systems\/wp-content\/uploads\/2024\/12\/HTC-300IIX580.png 520w, https:\/\/machinery.servo.systems\/wp-content\/uploads\/2024\/12\/HTC-300IIX580-300x269.png 300w\" sizes=\"(max-width: 520px) 100vw, 520px\" \/><\/figure>\n\n\n\n<div class=\"wp-block-group is-content-justification-center is-nowrap is-layout-flex wp-container-core-group-is-layout-23441af8 wp-block-group-is-layout-flex\">\n<div class=\"wp-block-columns is-layout-flex wp-container-core-columns-is-layout-28f84493 wp-block-columns-is-layout-flex\">\n<div class=\"wp-block-column is-layout-flow wp-block-column-is-layout-flow\">\n<h3 class=\"wp-block-heading has-text-align-left has-large-font-size\"><a href=\"https:\/\/machinery.servo.systems\/index.php\/htc-300iix580\/\" data-type=\"page\" data-id=\"604\">HTC 300IIx580<\/a><\/h3>\n\n\n\n<p class=\"has-text-align-left\"><strong>Velocidad del husillo :<\/strong> 3 500 rpm<br><strong>Potencia del husillo :<\/strong> 30 HP<br><strong>Chuck : <\/strong>Hidr\u00e1ulico de 3 mordazas<br><strong>Di\u00e1metro m\u00e1ximo del torneado :<\/strong> \u00d8520 mm<br><strong>Longitud m\u00e1xima de torneado :<\/strong> 600 mm<\/p>\n\n\n\n<figure class=\"wp-block-image size-full\"><img loading=\"lazy\" decoding=\"async\" width=\"528\" height=\"381\" src=\"http:\/\/machinery.servo.systems\/wp-content\/uploads\/2024\/12\/HTC-200IIX360.png\" alt=\"\" class=\"wp-image-1089\" style=\"object-fit:cover\" srcset=\"https:\/\/machinery.servo.systems\/wp-content\/uploads\/2024\/12\/HTC-200IIX360.png 528w, https:\/\/machinery.servo.systems\/wp-content\/uploads\/2024\/12\/HTC-200IIX360-300x216.png 300w\" sizes=\"(max-width: 528px) 100vw, 528px\" \/><\/figure>\n<\/div>\n<\/div>\n<\/div>\n\n\n\n<div class=\"wp-block-group is-content-justification-center is-nowrap is-layout-flex wp-container-core-group-is-layout-23441af8 wp-block-group-is-layout-flex\">\n<div class=\"wp-block-columns is-layout-flex wp-container-core-columns-is-layout-28f84493 wp-block-columns-is-layout-flex\">\n<div class=\"wp-block-column is-layout-flow wp-block-column-is-layout-flow\">\n<h3 class=\"wp-block-heading has-text-align-left has-large-font-size\"><a href=\"https:\/\/machinery.servo.systems\/index.php\/htc-200iix360-2\/\" data-type=\"page\" data-id=\"784\">HTC 200IIx360<\/a><\/h3>\n\n\n\n<p class=\"has-text-align-left\"><strong>Velocidad del husillo :<\/strong> 4 500 rpm<br><strong>Potencia del husillo :<\/strong> 25 HP<br><strong>Chuck :<\/strong> Hidr\u00e1ulico de 3 mordazas<br><strong>Di\u00e1metro m\u00e1ximo del torneado :<\/strong> \u00d8400 mm<br><strong>Longitud m\u00e1xima de torneado :<\/strong> 360 mm<\/p>\n<\/div>\n<\/div>\n<\/div>\n<\/div>\n\n\n\n<hr class=\"wp-block-separator has-alpha-channel-opacity\"\/>\n\n\n\n<div class=\"wp-block-group has-global-padding is-layout-constrained wp-block-group-is-layout-constrained\">\n<div class=\"wp-block-columns is-layout-flex wp-container-core-columns-is-layout-28f84493 wp-block-columns-is-layout-flex\">\n<div class=\"wp-block-column is-layout-flow wp-block-column-is-layout-flow\" style=\"flex-basis:100%\">\n<figure class=\"wp-block-image aligncenter size-full\"><img loading=\"lazy\" decoding=\"async\" width=\"457\" height=\"401\" src=\"http:\/\/machinery.servo.systems\/wp-content\/uploads\/2024\/12\/HTC150II.png\" alt=\"\" class=\"wp-image-1091\" style=\"object-fit:cover\" srcset=\"https:\/\/machinery.servo.systems\/wp-content\/uploads\/2024\/12\/HTC150II.png 457w, https:\/\/machinery.servo.systems\/wp-content\/uploads\/2024\/12\/HTC150II-300x263.png 300w\" sizes=\"(max-width: 457px) 100vw, 457px\" \/><\/figure>\n\n\n\n<div class=\"wp-block-columns is-layout-flex wp-container-core-columns-is-layout-28f84493 wp-block-columns-is-layout-flex\">\n<div class=\"wp-block-column is-vertically-aligned-center is-layout-flow wp-block-column-is-layout-flow\" style=\"flex-basis:100%\">\n<div class=\"wp-block-group is-content-justification-center is-layout-flex wp-container-core-group-is-layout-b02886af wp-block-group-is-layout-flex\">\n<div class=\"wp-block-columns is-layout-flex wp-container-core-columns-is-layout-28f84493 wp-block-columns-is-layout-flex\">\n<div class=\"wp-block-column is-layout-flow wp-block-column-is-layout-flow\">\n<h4 class=\"wp-block-heading has-text-align-left has-large-font-size\"><a href=\"https:\/\/machinery.servo.systems\/index.php\/htc-150ii\/\" data-type=\"page\" data-id=\"623\">HTC 150II<\/a><\/h4>\n\n\n\n<p class=\"has-text-align-left\"><strong>Velocidad del husillo : <\/strong>4 500 rpm<br><strong>Potencia del husillo : <\/strong>25 HP<br><strong>Chuck :<\/strong> Hidr\u00e1ulico de 3 mordazas<br><strong>Di\u00e1metro m\u00e1ximo del torneado :<\/strong> \u00d8300 mm<br><strong>Longitud m\u00e1xima de torneado : <\/strong>290 mm<\/p>\n<\/div>\n<\/div>\n<\/div>\n\n\n\n<figure class=\"wp-block-image aligncenter size-full\"><img loading=\"lazy\" decoding=\"async\" width=\"520\" height=\"369\" src=\"http:\/\/machinery.servo.systems\/wp-content\/uploads\/2024\/12\/HTC200\u2161x560.png\" alt=\"\" class=\"wp-image-1095\" style=\"object-fit:cover\" srcset=\"https:\/\/machinery.servo.systems\/wp-content\/uploads\/2024\/12\/HTC200\u2161x560.png 520w, https:\/\/machinery.servo.systems\/wp-content\/uploads\/2024\/12\/HTC200\u2161x560-300x213.png 300w\" sizes=\"(max-width: 520px) 100vw, 520px\" \/><\/figure>\n\n\n\n<div class=\"wp-block-group is-content-justification-center is-layout-flex wp-container-core-group-is-layout-b02886af wp-block-group-is-layout-flex\">\n<div class=\"wp-block-columns is-layout-flex wp-container-core-columns-is-layout-28f84493 wp-block-columns-is-layout-flex\">\n<div class=\"wp-block-column is-layout-flow wp-block-column-is-layout-flow\">\n<h3 class=\"wp-block-heading has-text-align-left has-large-font-size\"><a href=\"https:\/\/machinery.servo.systems\/index.php\/htc-200iix560-2\/\" data-type=\"page\" data-id=\"797\">HTC <\/a><a href=\"https:\/\/machinery.servo.systems\/index.php\/htc-200iix560\/\" data-type=\"page\" data-id=\"632\">200IIx560<\/a><\/h3>\n\n\n\n<p class=\"has-text-align-left\"><strong>Velocidad del husillo :<\/strong> 4 500 rpm<br><strong>Potencia del husillo :<\/strong> 25 HP<br><strong>Chuck : <\/strong>Hidr\u00e1ulico de 3 mordazas<br><strong>Di\u00e1metro m\u00e1ximo del torneado :<\/strong> \u00d8400 mm<br><strong>Longitud m\u00e1xima de torneado :<\/strong> 560 mm<\/p>\n<\/div>\n<\/div>\n<\/div>\n\n\n\n<figure class=\"wp-block-image aligncenter size-full wp-container-content-9cfa9a5a\"><img loading=\"lazy\" decoding=\"async\" width=\"520\" height=\"269\" src=\"http:\/\/machinery.servo.systems\/wp-content\/uploads\/2024\/12\/TC-25IIx500.png\" alt=\"\" class=\"wp-image-1097\" style=\"object-fit:cover\" srcset=\"https:\/\/machinery.servo.systems\/wp-content\/uploads\/2024\/12\/TC-25IIx500.png 520w, https:\/\/machinery.servo.systems\/wp-content\/uploads\/2024\/12\/TC-25IIx500-300x155.png 300w\" sizes=\"(max-width: 520px) 100vw, 520px\" \/><\/figure>\n\n\n\n<div class=\"wp-block-group is-content-justification-center is-layout-flex wp-container-core-group-is-layout-b02886af wp-block-group-is-layout-flex\">\n<div class=\"wp-block-columns is-layout-flex wp-container-core-columns-is-layout-28f84493 wp-block-columns-is-layout-flex\">\n<div class=\"wp-block-column is-layout-flow wp-block-column-is-layout-flow\">\n<h3 class=\"wp-block-heading has-text-align-left has-large-font-size\"><a href=\"https:\/\/machinery.servo.systems\/index.php\/tc-25iix500\/\" data-type=\"page\" data-id=\"642\">TC25IIx500<\/a><\/h3>\n\n\n\n<p class=\"has-text-align-left\"><strong>Velocidad del husillo :<\/strong> 4 500 rpm<br><strong>Potencia del husillo : <\/strong>20 HP<br><strong>Chuck :<\/strong> Hidr\u00e1ulico de 3 mordazas<br><strong>Di\u00e1metro m\u00e1ximo del torneado :<\/strong> \u00d8400 mm<br><strong>Longitud m\u00e1xima de torneado :<\/strong> 548 mm<\/p>\n<\/div>\n<\/div>\n<\/div>\n<\/div>\n<\/div>\n<\/div>\n<\/div>\n\n\n\n<figure class=\"wp-block-image aligncenter size-full\"><img loading=\"lazy\" decoding=\"async\" width=\"632\" height=\"338\" src=\"http:\/\/machinery.servo.systems\/wp-content\/uploads\/2024\/12\/TC30IIx500.png\" alt=\"\" class=\"wp-image-1099\" style=\"object-fit:cover\" srcset=\"https:\/\/machinery.servo.systems\/wp-content\/uploads\/2024\/12\/TC30IIx500.png 632w, https:\/\/machinery.servo.systems\/wp-content\/uploads\/2024\/12\/TC30IIx500-300x160.png 300w\" sizes=\"(max-width: 632px) 100vw, 632px\" \/><\/figure>\n\n\n\n<h3 class=\"wp-block-heading has-text-align-center has-large-font-size\"><a href=\"https:\/\/machinery.servo.systems\/index.php\/tc-30iix500\/\" data-type=\"page\" data-id=\"651\">TC30IIx500<\/a><\/h3>\n\n\n\n<div class=\"wp-block-group is-content-justification-center is-nowrap is-layout-flex wp-container-core-group-is-layout-23441af8 wp-block-group-is-layout-flex\">\n<p class=\"has-text-align-left\"><strong>Velocidad del husillo :<\/strong> 3 500 rpm<br><strong>Potencia del husillo :<\/strong> 25 HP<br><strong>Chuck :<\/strong> Hidr\u00e1ulico de 3 mordazas<br><strong>Di\u00e1metro m\u00e1ximo del torneado :<\/strong> \u00d8500 mm<br><strong>Longitud m\u00e1xima de torneado : <\/strong>500 mm<\/p>\n<\/div>\n<\/div>\n\n\n\n<p class=\"has-text-align-right\"><a href=\"https:\/\/machinery.servo.systems\/index.php\/maquinaria\/\" data-type=\"page\" data-id=\"865\">Volver al inicio<\/a><\/p>\n\n\n\n<div class=\"wp-block-columns is-layout-flex wp-container-core-columns-is-layout-28f84493 wp-block-columns-is-layout-flex\">\n<div class=\"wp-block-column is-layout-flow wp-block-column-is-layout-flow\"><\/div>\n<\/div>\n","protected":false},"excerpt":{"rendered":"<p>Potencia tu producci\u00f3n con Tornos CNC Acelera tus procesos y mejora la calidad de tus piezas con nuestros Tornos CNC de \u00faltima generaci\u00f3n. Dise\u00f1ados para optimizar tu producci\u00f3n y reducir costos, son la inversi\u00f3n perfecta para tu negocio. \u00bfPor qu\u00e9 elegirnos? TC 35Ax1500 Velocidad del husillo : 2 500 rpmPotencia del husillo : 25 HPChuck [&hellip;]<\/p>\n","protected":false},"author":1,"featured_media":0,"parent":0,"menu_order":0,"comment_status":"closed","ping_status":"closed","template":"","meta":{"_acf_changed":false,"_joinchat":[],"footnotes":"[]"},"class_list":["post-354","page","type-page","status-publish","hentry"],"acf":[],"_links":{"self":[{"href":"https:\/\/machinery.servo.systems\/index.php\/wp-json\/wp\/v2\/pages\/354","targetHints":{"allow":["GET"]}}],"collection":[{"href":"https:\/\/machinery.servo.systems\/index.php\/wp-json\/wp\/v2\/pages"}],"about":[{"href":"https:\/\/machinery.servo.systems\/index.php\/wp-json\/wp\/v2\/types\/page"}],"author":[{"embeddable":true,"href":"https:\/\/machinery.servo.systems\/index.php\/wp-json\/wp\/v2\/users\/1"}],"replies":[{"embeddable":true,"href":"https:\/\/machinery.servo.systems\/index.php\/wp-json\/wp\/v2\/comments?post=354"}],"version-history":[{"count":197,"href":"https:\/\/machinery.servo.systems\/index.php\/wp-json\/wp\/v2\/pages\/354\/revisions"}],"predecessor-version":[{"id":1101,"href":"https:\/\/machinery.servo.systems\/index.php\/wp-json\/wp\/v2\/pages\/354\/revisions\/1101"}],"wp:attachment":[{"href":"https:\/\/machinery.servo.systems\/index.php\/wp-json\/wp\/v2\/media?parent=354"}],"curies":[{"name":"wp","href":"https:\/\/api.w.org\/{rel}","templated":true}]}}