{"id":581,"date":"2024-12-23T09:28:15","date_gmt":"2024-12-23T09:28:15","guid":{"rendered":"https:\/\/machinery.servo.systems\/?page_id=581"},"modified":"2024-12-31T02:14:49","modified_gmt":"2024-12-31T02:14:49","slug":"tc-40ax2750","status":"publish","type":"page","link":"https:\/\/machinery.servo.systems\/index.php\/tc-40ax2750\/","title":{"rendered":"TC 40Ax2750"},"content":{"rendered":"\n<figure class=\"wp-block-image aligncenter size-full\"><img fetchpriority=\"high\" decoding=\"async\" width=\"650\" height=\"650\" src=\"http:\/\/machinery.servo.systems\/wp-content\/uploads\/2024\/12\/TC-30IIX1500-po1eg72x9tizxfz6kzpf0fjd3uu3oct2zqqn28z7c4.png\" alt=\"\" class=\"wp-image-425\" srcset=\"https:\/\/machinery.servo.systems\/wp-content\/uploads\/2024\/12\/TC-30IIX1500-po1eg72x9tizxfz6kzpf0fjd3uu3oct2zqqn28z7c4.png 650w, https:\/\/machinery.servo.systems\/wp-content\/uploads\/2024\/12\/TC-30IIX1500-po1eg72x9tizxfz6kzpf0fjd3uu3oct2zqqn28z7c4-300x300.png 300w, https:\/\/machinery.servo.systems\/wp-content\/uploads\/2024\/12\/TC-30IIX1500-po1eg72x9tizxfz6kzpf0fjd3uu3oct2zqqn28z7c4-100x100.png 100w, https:\/\/machinery.servo.systems\/wp-content\/uploads\/2024\/12\/TC-30IIX1500-po1eg72x9tizxfz6kzpf0fjd3uu3oct2zqqn28z7c4-600x600.png 600w, https:\/\/machinery.servo.systems\/wp-content\/uploads\/2024\/12\/TC-30IIX1500-po1eg72x9tizxfz6kzpf0fjd3uu3oct2zqqn28z7c4-150x150.png 150w\" sizes=\"(max-width: 650px) 100vw, 650px\" \/><\/figure>\n\n\n\n<p><strong>Velocidad del husillo: <\/strong>2 000 rpm<br><strong>Potencia:<\/strong> 25hp<br><strong>Chuck:<\/strong> Hidr\u00e1ulico de 3 mordazas<br><strong>Di\u00e1metro m\u00e1ximo del torneado:<\/strong> \u00d8800 mm<br><strong>Longitud m\u00e1xima de torneado:<\/strong> 2750 mm<\/p>\n\n\n\n<p class=\"has-text-align-left\"><em>*Equipo de serie. Consulte aditamentos opcionales.<\/em><\/p>\n\n\n\n<h4 class=\"wp-block-heading has-text-align-left\"><strong>\u00a1Equipa tu negocio hoy mismo!<\/strong><br>Aprovecha nuestra oferta exclusiva:&nbsp;<strong>ll\u00e9vatela con solo el 15% de enganche y paga en 24 meses sin intereses<\/strong>. \u00a1No dejes pasar esta oportunidad de llevar tu producci\u00f3n al siguiente nivel!<\/h4>\n\n\n\n<p class=\"has-text-align-center\">\ud83d\udcf2&nbsp;<strong>\u00a1Escanea ahora y obt\u00e9n un descuento exclusivo!<\/strong>&nbsp;\ud83c\udf89<br><br><\/p>\n\n\n\n<div class=\"wp-block-joinchat-button joinchat-button--qr-both has-border-color\" style=\"border-color:#25d366;border-style:solid;border-width:6px;border-radius:30px\"><figure><figcaption>Escanea el c\u00f3digo<\/figcaption><a class=\"joinchat-button__qr has-border-color\" style=\"border-color:#25d366;border-style:solid;border-width:6px;border-radius:30px\" href=\"#whatsapp\"><\/a><\/figure><a class=\"wp-block-button__link joinchat-button__link has-ffffff-color has-text-color has-background has-border-color\" style=\"border-color:#25d366;border-style:solid;border-width:6px;border-radius:30px;background-color:#25d366\" href=\"#whatsapp\"><span><strong>Open Chat<\/strong><\/span><\/a><\/div>\n\n\n\n<p>Env\u00edanos tus datos y descarga tu cotizaci\u00f3n al instante.<\/p>\n\n\n\n<ul class=\"wp-block-list\">\n<li>24 meses sin intereses.<\/li>\n\n\n\n<li>Desde 20% de enganche.<\/li>\n\n\n\n<li>3 meses de gracia para empezar a pagar.<\/li>\n\n\n\n<li>Financiamiento directo de f\u00e1brica.<\/li>\n\n\n\n<li>Recibe tu aprobaci\u00f3n de cr\u00e9dito en 48 horas.<\/li>\n<\/ul>\n\n\n\n<details class=\"wp-block-details is-layout-flow wp-block-details-is-layout-flow\"><summary><strong>Entrega r\u00e1pida y financiamiento flexible <\/strong><\/summary>\n<p>\u2013 \ud83d\udcb0&nbsp;<strong>Financiamiento<\/strong> <strong>a tu medid<\/strong>a:<br><strong>&#8211; Anticipo desde el&nbsp;20%<br><\/strong>\u2013&nbsp;<strong>24 meses sin intereses<\/strong>&nbsp;\ud83d\udee0\ufe0f<br>\u2013 \u00a1Disfruta de&nbsp;<strong>hasta 3 meses de gracia<\/strong>&nbsp;antes de comenzar a pagar, contados desde el embarque de tu m\u00e1quina! \ud83d\ude9b<br><br>\ud83d\udccc&nbsp;<strong>Condiciones de env\u00edo:<\/strong><br>El precio incluye:<br>\ud83d\ude9a&nbsp;<strong>Transporte<\/strong>&nbsp;hasta la planta del cliente<br>\u2699\ufe0f&nbsp;<strong>Instalaci\u00f3n y puesta en marcha<\/strong><br>\ud83d\udc68\u200d\ud83c\udfeb&nbsp;<strong>Capacitaci\u00f3n en sitio<\/strong><\/p>\n\n\n\n<p>\ud83d\udd17&nbsp;<strong>Nota importante:<\/strong>&nbsp;Las maniobras de descarga y ubicaci\u00f3n de la m\u00e1quina son responsabilidad del cliente.<br><\/p>\n\n\n\n<p>\u23f0 <strong>Tu equipo, listo en tiempo r\u00e9cord:<\/strong>&nbsp;<br><strong>Entrega:<\/strong>&nbsp;30-45 d\u00edas (o 5 d\u00edas si est\u00e1 en stock)<br><strong>Empaque:<\/strong>&nbsp;Estiba de madera para un transporte seguro. \ud83e\udeb5<br><strong>Garant\u00eda:<\/strong>&nbsp;\u00a1Conf\u00eda en nuestra calidad! 2 a\u00f1os en partes mec\u00e1nicas y 3 a\u00f1os en control CNC.<\/p>\n<\/details>\n\n\n<style id=\"wpforms-css-vars-76-block-d7c532b9-2016-4e27-bbd8-14ec2f128df4\">\n\t\t\t\t#wpforms-76.wpforms-block-d7c532b9-2016-4e27-bbd8-14ec2f128df4 {\n\t\t\t\t--wpforms-field-border-color: #ea1044;\n--wpforms-field-border-color-spare: #ea1044;\n--wpforms-field-size-input-height: 43px;\n--wpforms-field-size-input-spacing: 15px;\n--wpforms-field-size-font-size: 16px;\n--wpforms-field-size-line-height: 19px;\n--wpforms-field-size-padding-h: 14px;\n--wpforms-field-size-checkbox-size: 16px;\n--wpforms-field-size-sublabel-spacing: 5px;\n--wpforms-field-size-icon-size: 1;\n--wpforms-label-size-font-size: 16px;\n--wpforms-label-size-line-height: 19px;\n--wpforms-label-size-sublabel-font-size: 14px;\n--wpforms-label-size-sublabel-line-height: 17px;\n--wpforms-button-size-font-size: 17px;\n--wpforms-button-size-height: 41px;\n--wpforms-button-size-padding-h: 15px;\n--wpforms-button-size-margin-top: 10px;\n\n\t\t\t}\n\t\t\t<\/style><div class=\"wpforms-container wpforms-container-full wpforms-block wpforms-block-d7c532b9-2016-4e27-bbd8-14ec2f128df4 wpforms-render-modern\" id=\"wpforms-76\"><form id=\"wpforms-form-76\" class=\"wpforms-validate wpforms-form wpforms-ajax-form\" data-formid=\"76\" method=\"post\" enctype=\"multipart\/form-data\" action=\"\/index.php\/wp-json\/wp\/v2\/pages\/581\" data-token=\"e688f4e74a5c593c2ffa4ac85361d937\" data-token-time=\"1778985036\"><noscript class=\"wpforms-error-noscript\">Por favor, activa JavaScript en tu navegador para completar este formulario.<\/noscript><div class=\"wpforms-hidden\" id=\"wpforms-error-noscript\">Por favor, activa JavaScript en tu navegador para completar este formulario.<\/div><div class=\"wpforms-field-container\"><div id=\"wpforms-76-field_1-container\" class=\"wpforms-field wpforms-field-name\" data-field-id=\"1\"><fieldset><legend class=\"wpforms-field-label\">Nombre <span class=\"wpforms-required-label\" aria-hidden=\"true\">*<\/span><\/legend><div class=\"wpforms-field-row wpforms-field-medium\"><div class=\"wpforms-field-row-block wpforms-first wpforms-one-half\"><input type=\"text\" id=\"wpforms-76-field_1\" class=\"wpforms-field-name-first wpforms-field-required\" name=\"wpforms[fields][1][first]\" aria-errormessage=\"wpforms-76-field_1-error\" required><label for=\"wpforms-76-field_1\" class=\"wpforms-field-sublabel after\">Nombre<\/label><\/div><div class=\"wpforms-field-row-block wpforms-one-half\"><input type=\"text\" id=\"wpforms-76-field_1-last\" class=\"wpforms-field-name-last wpforms-field-required\" name=\"wpforms[fields][1][last]\" aria-errormessage=\"wpforms-76-field_1-last-error\" required><label for=\"wpforms-76-field_1-last\" class=\"wpforms-field-sublabel after\">Apellidos<\/label><\/div><\/div><\/fieldset><\/div><div id=\"wpforms-76-field_5-container\" class=\"wpforms-field wpforms-field-email\" data-field-id=\"5\"><label class=\"wpforms-field-label\" for=\"wpforms-76-field_5\">Correo electr\u00f3nico <span class=\"wpforms-required-label\" aria-hidden=\"true\">*<\/span><\/label><input type=\"email\" id=\"wpforms-76-field_5\" class=\"wpforms-field-medium wpforms-field-required\" name=\"wpforms[fields][5]\" spellcheck=\"false\" aria-errormessage=\"wpforms-76-field_5-error\" required><\/div><div id=\"wpforms-76-field_3-container\" class=\"wpforms-field wpforms-field-textarea\" data-field-id=\"3\"><label class=\"wpforms-field-label\" for=\"wpforms-76-field_3\">\u00bfQu\u00e9 producto o servicio te interesa?<\/label><textarea id=\"wpforms-76-field_3\" class=\"wpforms-field-medium\" name=\"wpforms[fields][3]\" aria-errormessage=\"wpforms-76-field_3-error\" ><\/textarea><\/div><\/div><!-- .wpforms-field-container --><div class=\"wpforms-submit-container\" ><input type=\"hidden\" name=\"wpforms[id]\" value=\"76\"><input type=\"hidden\" name=\"page_title\" value=\"\"><input type=\"hidden\" name=\"page_url\" value=\"https:\/\/machinery.servo.systems\/index.php\/wp-json\/wp\/v2\/pages\/581\"><input type=\"hidden\" name=\"url_referer\" value=\"\"><button type=\"submit\" name=\"wpforms[submit]\" id=\"wpforms-submit-76\" class=\"wpforms-submit\" data-alt-text=\"Sending...\" data-submit-text=\"Cotizar\" aria-live=\"assertive\" value=\"wpforms-submit\">Cotizar<\/button><img decoding=\"async\" src=\"https:\/\/machinery.servo.systems\/wp-content\/plugins\/wpforms-lite\/assets\/images\/submit-spin.svg\" class=\"wpforms-submit-spinner\" style=\"display: none;\" width=\"26\" height=\"26\" alt=\"Cargando\"><\/div><\/form><\/div>  <!-- .wpforms-container -->\n\n\n<h4 class=\"wp-block-heading has-text-align-center\" id=\"block-f0e1fc2f-d45c-46ab-8b6b-92f17838f1d3\"><strong>CONFIGURACI\u00d3N EST\u00c1NDAR<\/strong><br><strong>\u00a1Incluida sin costo adicional!<\/strong><\/h4>\n\n\n\n<p id=\"block-9ce0d818-63bd-4384-878a-68009d865626\"><strong>Caracter\u00edsticas T\u00e9cnicas<\/strong><\/p>\n\n\n\n<hr class=\"wp-block-separator has-alpha-channel-opacity\" id=\"block-ebc33cb3-d283-4b48-b198-da4fb6606d08\"\/>\n\n\n\n<h4 class=\"wp-block-heading\" id=\"block-0734419d-9848-4957-8179-0c333c63f840\"><strong>Medidas<\/strong><\/h4>\n\n\n\n<figure class=\"wp-block-table\"><table class=\"has-fixed-layout\"><tbody><tr><td><strong>Volteo sobre las Guardas<\/strong><\/td><td>\u00d8800 mm<\/td><\/tr><tr><td><strong><strong>Volteo sobre el Carro<\/strong><\/strong><\/td><td>\u00d8650 mm<\/td><\/tr><tr><td><strong>Di\u00e1metro m\u00e1ximo de torneado<\/strong><\/td><td>\u00d8650 mm<\/td><\/tr><tr><td><strong>Longuitud m\u00e1xima de torneado<\/strong><\/td><td>2750 mm<\/td><\/tr><tr><td><strong>Recorrido en X<\/strong><\/td><td>410 mm<\/td><\/tr><tr><td><strong>Recorrido en Z<\/strong><\/td><td>2820 mm<\/td><\/tr><\/tbody><\/table><\/figure>\n\n\n\n<h4 class=\"wp-block-heading\" id=\"block-f4e3d89a-2f7f-46a7-9487-259e3d242bd1\"><strong>Husillo<\/strong><\/h4>\n\n\n\n<figure class=\"wp-block-table\"><table class=\"has-fixed-layout\"><tbody><tr><td><strong>Velocidad del Husillo<\/strong><\/td><td>2000 rpm<\/td><\/tr><tr><td><strong>Potencia del husillo<\/strong><\/td><td>25 HP<\/td><\/tr><tr><td><strong>Nariz del Husillo<\/strong><\/td><td>A2-11<\/td><\/tr><tr><td><strong>Agujero del Husillo (Est\u00e1ndar)<\/strong><\/td><td>\u00d8112 mm<\/td><\/tr><tr><td><strong>Paso de Barra (Est\u00e1ndar)<\/strong><\/td><td>\u00d895 mm<\/td><\/tr><tr><td><strong>Tama\u00f1o del Chuck (Est\u00e1ndar)<\/strong><\/td><td>15&#8243;<\/td><\/tr><tr><td><strong>Tipo de Chuck<\/strong><\/td><td>Hidr\u00e1ulico de 3 mordazas<\/td><\/tr><\/tbody><\/table><\/figure>\n\n\n\n<h4 class=\"wp-block-heading\" id=\"block-995fa42c-9a31-4bd6-8077-2c4a7ad30a50\"><strong>Torreta de cambio de herramientas<\/strong><\/h4>\n\n\n\n<figure class=\"wp-block-table\"><table class=\"has-fixed-layout\"><tbody><tr><td><strong>Tipo de torreta<\/strong><\/td><td>Hidr\u00e1ulica<\/td><\/tr><tr><td><strong>N\u00b0 de herramientas<\/strong><\/td><td>12<\/td><\/tr><tr><td><strong>Tama\u00f1o de herramientas<\/strong><\/td><td>32 x 32 mm<\/td><\/tr><tr><td><strong>Tama\u00f1o de Barra de Interiores<\/strong><\/td><td>\u00d850 mm<\/td><\/tr><tr><td><strong>Tiempo de Cambio de herramienta<\/strong><\/td><td>0,7 s<\/td><\/tr><\/tbody><\/table><\/figure>\n\n\n\n<h4 class=\"wp-block-heading\" id=\"block-887d4c33-462f-4a80-b7c2-05bfa2d4a183\"><strong>Movimientos<\/strong><\/h4>\n\n\n\n<figure class=\"wp-block-table\"><table class=\"has-fixed-layout\"><tbody><tr><td><strong>Tipo de Guias<\/strong><\/td><td>Gu\u00edas de caja cuadrada<\/td><\/tr><tr><td><strong>Bancada<\/strong><\/td><td>Monol\u00edtica 45 Grados<\/td><\/tr><tr><td><strong>R\u00e1pidos en <\/strong>X<\/td><td>12 m\/min<\/td><\/tr><tr><td><strong>R\u00e1pidos en Z<\/strong><\/td><td>12 m\/min<\/td><\/tr><tr><td><strong>Potencia del Servo X<\/strong><\/td><td>3,4 HP<\/td><\/tr><tr><td><strong>Potencia del Servo Z<\/strong><\/td><td>4,0 HP<\/td><\/tr><tr><td><strong>Torque del Servo X<\/strong><\/td><td>20 Nm<\/td><\/tr><tr><td><strong>Torque del Servo Z<\/strong><\/td><td>27 Nm<\/td><\/tr><\/tbody><\/table><\/figure>\n\n\n\n<h4 class=\"wp-block-heading\" id=\"block-c2654ecc-dc3f-4298-bedf-a3f5884184ac\"><strong>Contrapunto<\/strong><\/h4>\n\n\n\n<figure class=\"wp-block-table\"><table class=\"has-fixed-layout\"><tbody><tr><td><strong>Di\u00e1metro de la ca\u00f1a<\/strong><\/td><td>\u00d8160 mm<\/td><\/tr><tr><td><strong>Cono de la ca\u00f1a<\/strong><\/td><td>MT5<\/td><\/tr><tr><td><strong>Recorrido de la ca\u00f1a<\/strong><\/td><td>150 mm<\/td><\/tr><tr><td><strong>Movimiento total del Contrapunto<\/strong><\/td><td>1100 mm<\/td><\/tr><tr><td><strong>Tipo de Contrapunto<\/strong><\/td><td>Hidr\u00e1ulico &#8211; Movimiento Manual<\/td><\/tr><\/tbody><\/table><\/figure>\n\n\n\n<h4 class=\"wp-block-heading\" id=\"block-a78ed791-45a5-467a-94e5-e1c819ad0b0f\"><strong>Control<\/strong><\/h4>\n\n\n\n<figure class=\"wp-block-table\"><table class=\"has-fixed-layout\"><tbody><tr><td><strong>Control CNC:<\/strong><\/td><td>Fanuc 0I Pantalla t\u00e1ctil a color LCD 15\u2033<\/td><\/tr><tr><td><strong>Memoria interna de programa:<\/strong><\/td><td>512 KB<\/td><\/tr><tr><td><strong>Programaci\u00f3n conversacional<\/strong><\/td><td>Navi Turn<\/td><\/tr><tr><td><strong>Conectividad<\/strong><\/td><td>USB \/ Tarjeta CF<\/td><\/tr><\/tbody><\/table><\/figure>\n\n\n\n<p class=\"has-text-align-right\" id=\"block-99242f13-3ebd-4ec1-8837-6388c53307e1\"><a href=\"https:\/\/machinery.servo.systems\/index.php\/tornoscncs\/\" data-type=\"page\" data-id=\"354\"><strong>Ver otros modelos<\/strong><\/a><\/p>\n","protected":false},"excerpt":{"rendered":"<p>Velocidad del husillo: 2 000 rpmPotencia: 25hpChuck: Hidr\u00e1ulico de 3 mordazasDi\u00e1metro m\u00e1ximo del torneado: \u00d8800 mmLongitud m\u00e1xima de torneado: 2750 mm *Equipo de serie. Consulte aditamentos opcionales. \u00a1Equipa tu negocio hoy mismo!Aprovecha nuestra oferta exclusiva:&nbsp;ll\u00e9vatela con solo el 15% de enganche y paga en 24 meses sin intereses. \u00a1No dejes pasar esta oportunidad de llevar [&hellip;]<\/p>\n","protected":false},"author":1,"featured_media":0,"parent":0,"menu_order":0,"comment_status":"closed","ping_status":"closed","template":"","meta":{"_acf_changed":false,"_joinchat":[],"footnotes":""},"class_list":["post-581","page","type-page","status-publish","hentry"],"acf":[],"_links":{"self":[{"href":"https:\/\/machinery.servo.systems\/index.php\/wp-json\/wp\/v2\/pages\/581","targetHints":{"allow":["GET"]}}],"collection":[{"href":"https:\/\/machinery.servo.systems\/index.php\/wp-json\/wp\/v2\/pages"}],"about":[{"href":"https:\/\/machinery.servo.systems\/index.php\/wp-json\/wp\/v2\/types\/page"}],"author":[{"embeddable":true,"href":"https:\/\/machinery.servo.systems\/index.php\/wp-json\/wp\/v2\/users\/1"}],"replies":[{"embeddable":true,"href":"https:\/\/machinery.servo.systems\/index.php\/wp-json\/wp\/v2\/comments?post=581"}],"version-history":[{"count":4,"href":"https:\/\/machinery.servo.systems\/index.php\/wp-json\/wp\/v2\/pages\/581\/revisions"}],"predecessor-version":[{"id":939,"href":"https:\/\/machinery.servo.systems\/index.php\/wp-json\/wp\/v2\/pages\/581\/revisions\/939"}],"wp:attachment":[{"href":"https:\/\/machinery.servo.systems\/index.php\/wp-json\/wp\/v2\/media?parent=581"}],"curies":[{"name":"wp","href":"https:\/\/api.w.org\/{rel}","templated":true}]}}