{"id":829,"date":"2024-12-30T19:41:47","date_gmt":"2024-12-30T19:41:47","guid":{"rendered":"https:\/\/machinery.servo.systems\/?page_id=829"},"modified":"2024-12-30T23:44:35","modified_gmt":"2024-12-30T23:44:35","slug":"centros-de-maquinado-de-doble-columna","status":"publish","type":"page","link":"https:\/\/machinery.servo.systems\/index.php\/centros-de-maquinado-de-doble-columna\/","title":{"rendered":"CENTROS DE MAQUINADO DE DOBLE COLUMNA"},"content":{"rendered":"\n<p>Descubre la \u00faltima generaci\u00f3n en tecnolog\u00eda de Control Num\u00e9rico Computarizado dise\u00f1ada para maximizar la productividad de tu negocio.<\/p>\n\n\n\n<p>Explora nuestro extenso cat\u00e1logo de Centros de Maquinado de Doble Columna, ideales para proyectos que exigen potencia, precisi\u00f3n y confiabilidad.<\/p>\n\n\n\n<p>\u00a1Adqui\u00e9relos hoy con opciones de financiamiento directo que se adaptan a tus necesidades! <\/p>\n\n\n\n<p><strong>\u00bfPor qu\u00e9 elegirnos?<\/strong><\/p>\n\n\n\n<ul class=\"wp-block-list\">\n<li><strong>M\u00e1xima precisi\u00f3n:<\/strong>&nbsp;Tolerancias ajustadas y acabados superficiales de alta calidad.<\/li>\n\n\n\n<li><strong>Versatilidad:<\/strong>&nbsp;Amplio rango de aplicaciones para diversos materiales y geometr\u00edas. <\/li>\n\n\n\n<li><strong>Productividad:<\/strong>&nbsp;Aumenta tu producci\u00f3n y reduce los tiempos de ciclo.<\/li>\n\n\n\n<li><strong>Innovaci\u00f3n:<\/strong>&nbsp;Tecnolog\u00eda CNC de vanguardia para un rendimiento superior.<\/li>\n\n\n\n<li><strong>Financiamiento directo:<\/strong>&nbsp;Adquiere el la maquina CNC que necesitas con planes de pago flexibles.<\/li>\n<\/ul>\n\n\n\n<div class=\"wp-block-group has-global-padding is-layout-constrained wp-block-group-is-layout-constrained\">\n<div class=\"wp-block-columns is-layout-flex wp-container-core-columns-is-layout-28f84493 wp-block-columns-is-layout-flex\">\n<div class=\"wp-block-column is-layout-flow wp-block-column-is-layout-flow\" style=\"flex-basis:100%\">\n<div class=\"wp-block-columns is-layout-flex wp-container-core-columns-is-layout-28f84493 wp-block-columns-is-layout-flex\">\n<div class=\"wp-block-column is-layout-flow wp-block-column-is-layout-flow\" style=\"flex-basis:100%\">\n<div class=\"wp-block-group is-nowrap is-layout-flex wp-container-core-group-is-layout-6c531013 wp-block-group-is-layout-flex\">\n<div class=\"wp-block-columns is-layout-flex wp-container-core-columns-is-layout-28f84493 wp-block-columns-is-layout-flex\">\n<div class=\"wp-block-column is-layout-flow wp-block-column-is-layout-flow\">\n<h4 class=\"wp-block-heading has-text-align-left\"><a href=\"https:\/\/machinery.servo.systems\/index.php\/hmc-100hd\/\" data-type=\"page\" data-id=\"889\">HMC100-HD<\/a><\/h4>\n\n\n\n<p class=\"has-text-align-left\"><strong>Velocidad del husillo: <\/strong>4 500 rpm<br><strong>Potencia:<\/strong> 18\/22 kW<br><strong>Recorridos:<\/strong><br>&#8211; <strong>Eje X:<\/strong> 2000 mm<br>&#8211; <strong>Eje Y:<\/strong> 1500 mm<br>&#8211; <strong>Eje Z:<\/strong> 1200 mm<\/p>\n\n\n\n<p class=\"has-text-align-left\"><strong>Peso m\u00e1ximo herramienta:<\/strong> 30 Kgs<\/p>\n<\/div>\n<\/div>\n\n\n\n<figure class=\"wp-block-image size-full is-resized\"><img fetchpriority=\"high\" decoding=\"async\" width=\"650\" height=\"650\" src=\"http:\/\/machinery.servo.systems\/wp-content\/uploads\/2024\/12\/100HDx2-pp9b0li02hvwtwyy7i3w8talj405vxgc2krzd26q5g.png\" alt=\"\" class=\"wp-image-896\" style=\"width:244px;height:auto\" srcset=\"https:\/\/machinery.servo.systems\/wp-content\/uploads\/2024\/12\/100HDx2-pp9b0li02hvwtwyy7i3w8talj405vxgc2krzd26q5g.png 650w, https:\/\/machinery.servo.systems\/wp-content\/uploads\/2024\/12\/100HDx2-pp9b0li02hvwtwyy7i3w8talj405vxgc2krzd26q5g-300x300.png 300w, https:\/\/machinery.servo.systems\/wp-content\/uploads\/2024\/12\/100HDx2-pp9b0li02hvwtwyy7i3w8talj405vxgc2krzd26q5g-150x150.png 150w\" sizes=\"(max-width: 650px) 100vw, 650px\" \/><\/figure>\n<\/div>\n\n\n\n<div class=\"wp-block-group is-nowrap is-layout-flex wp-container-core-group-is-layout-6c531013 wp-block-group-is-layout-flex\">\n<div class=\"wp-block-columns is-layout-flex wp-container-core-columns-is-layout-28f84493 wp-block-columns-is-layout-flex\">\n<div class=\"wp-block-column is-layout-flow wp-block-column-is-layout-flow\">\n<h3 class=\"wp-block-heading has-text-align-left\"><a href=\"https:\/\/machinery.servo.systems\/index.php\/hmc-80h\/\" data-type=\"page\" data-id=\"907\">HMC80-H<\/a><\/h3>\n\n\n\n<p class=\"has-text-align-left\"><strong>RPM:<\/strong> 4 500 rpm<br><strong>Potencia:<\/strong> 18.5\/22 kW<br><strong>Recorridos:<\/strong> X: 1270 mm Y: 1000 mm Z: 920 mm<br><br><strong>Peso m\u00e1ximo herramienta: <\/strong> 30 Kgs<br><\/p>\n<\/div>\n<\/div>\n\n\n\n<figure class=\"wp-block-image size-full is-resized\"><img decoding=\"async\" width=\"650\" height=\"650\" src=\"http:\/\/machinery.servo.systems\/wp-content\/uploads\/2024\/12\/80Hx2-pp9b0p9ctu124cthljqeiscfwnhmqpv9f3dxa615gk.png\" alt=\"\" class=\"wp-image-910\" style=\"width:244px;height:auto\" srcset=\"https:\/\/machinery.servo.systems\/wp-content\/uploads\/2024\/12\/80Hx2-pp9b0p9ctu124cthljqeiscfwnhmqpv9f3dxa615gk.png 650w, https:\/\/machinery.servo.systems\/wp-content\/uploads\/2024\/12\/80Hx2-pp9b0p9ctu124cthljqeiscfwnhmqpv9f3dxa615gk-300x300.png 300w, https:\/\/machinery.servo.systems\/wp-content\/uploads\/2024\/12\/80Hx2-pp9b0p9ctu124cthljqeiscfwnhmqpv9f3dxa615gk-150x150.png 150w\" sizes=\"(max-width: 650px) 100vw, 650px\" \/><\/figure>\n<\/div>\n<\/div>\n<\/div>\n<\/div>\n<\/div>\n<\/div>\n\n\n\n<hr class=\"wp-block-separator has-alpha-channel-opacity\"\/>\n\n\n\n<p class=\"has-text-align-right\"><a href=\"https:\/\/machinery.servo.systems\/index.php\/maquinaria\/\" data-type=\"page\" data-id=\"865\">Volver al inicio<\/a><\/p>\n\n\n\n<div class=\"wp-block-group is-nowrap is-layout-flex wp-container-core-group-is-layout-6c531013 wp-block-group-is-layout-flex\"><\/div>\n","protected":false},"excerpt":{"rendered":"<p>Descubre la \u00faltima generaci\u00f3n en tecnolog\u00eda de Control Num\u00e9rico Computarizado dise\u00f1ada para maximizar la productividad de tu negocio. Explora nuestro extenso cat\u00e1logo de Centros de Maquinado de Doble Columna, ideales para proyectos que exigen potencia, precisi\u00f3n y confiabilidad. \u00a1Adqui\u00e9relos hoy con opciones de financiamiento directo que se adaptan a tus necesidades! \u00bfPor qu\u00e9 elegirnos? HMC100-HD [&hellip;]<\/p>\n","protected":false},"author":1,"featured_media":0,"parent":0,"menu_order":0,"comment_status":"closed","ping_status":"closed","template":"","meta":{"_acf_changed":false,"_joinchat":[],"footnotes":""},"class_list":["post-829","page","type-page","status-publish","hentry"],"acf":[],"_links":{"self":[{"href":"https:\/\/machinery.servo.systems\/index.php\/wp-json\/wp\/v2\/pages\/829","targetHints":{"allow":["GET"]}}],"collection":[{"href":"https:\/\/machinery.servo.systems\/index.php\/wp-json\/wp\/v2\/pages"}],"about":[{"href":"https:\/\/machinery.servo.systems\/index.php\/wp-json\/wp\/v2\/types\/page"}],"author":[{"embeddable":true,"href":"https:\/\/machinery.servo.systems\/index.php\/wp-json\/wp\/v2\/users\/1"}],"replies":[{"embeddable":true,"href":"https:\/\/machinery.servo.systems\/index.php\/wp-json\/wp\/v2\/comments?post=829"}],"version-history":[{"count":9,"href":"https:\/\/machinery.servo.systems\/index.php\/wp-json\/wp\/v2\/pages\/829\/revisions"}],"predecessor-version":[{"id":911,"href":"https:\/\/machinery.servo.systems\/index.php\/wp-json\/wp\/v2\/pages\/829\/revisions\/911"}],"wp:attachment":[{"href":"https:\/\/machinery.servo.systems\/index.php\/wp-json\/wp\/v2\/media?parent=829"}],"curies":[{"name":"wp","href":"https:\/\/api.w.org\/{rel}","templated":true}]}}